{"id":952,"date":"2023-08-01T19:52:49","date_gmt":"2023-08-01T19:52:49","guid":{"rendered":"https:\/\/bestmeatexpress.com\/om-oss\/"},"modified":"2023-10-09T18:10:01","modified_gmt":"2023-10-09T18:10:01","slug":"om-oss","status":"publish","type":"page","link":"https:\/\/bestmeatexpress.com\/sv\/om-oss\/","title":{"rendered":"OM OSS"},"content":{"rendered":"\t\t<div data-elementor-type=\"wp-page\" data-elementor-id=\"952\" class=\"elementor elementor-952 elementor-30\">\n\t\t\t\t\t\t<section class=\"elementor-section elementor-top-section elementor-element elementor-element-a4a75c9 elementor-section-boxed elementor-section-height-default elementor-section-height-default\" data-id=\"a4a75c9\" data-element_type=\"section\" data-e-type=\"section\">\n\t\t\t\t\t\t<div class=\"elementor-container elementor-column-gap-default\">\n\t\t\t\t\t<div class=\"elementor-column elementor-col-50 elementor-top-column elementor-element elementor-element-95c03d0\" data-id=\"95c03d0\" data-element_type=\"column\" data-e-type=\"column\">\n\t\t\t<div class=\"elementor-widget-wrap elementor-element-populated\">\n\t\t\t\t\t\t<div class=\"elementor-element elementor-element-072772f elementor-widget elementor-widget-text-editor\" data-id=\"072772f\" data-element_type=\"widget\" data-e-type=\"widget\" data-widget_type=\"text-editor.default\">\n\t\t\t\t<div class=\"elementor-widget-container\">\n\t\t\t\t\t\t\t\t\t<p style=\"font-weight: 400;\">Vi str\u00e4var efter att erbjuda v\u00e5ra kunder l\u00e4ckert och h\u00f6gkvalitativt k\u00f6tt och k\u00f6ttprodukter, med frysta produkter som v\u00e5r s\u00e4rskilda specialitet.<\/p>\n<p style=\"font-weight: 400;\">V\u00e5ra produkter uppfyller alla internationella standarder och vi har l\u00e5ng erfarenhet av f\u00f6r\u00e4dling och transport av livsmedel.<br \/>\nV\u00e5ra anst\u00e4llda har stor kunskap om den teknologi som anv\u00e4nds f\u00f6r att h\u00e5lla k\u00f6ttet f\u00e4rskt.<\/p>\n<p style=\"font-weight: 400;\">Allt detta g\u00f6r oss till en p\u00e5litlig partner f\u00f6r alla v\u00e5ra kunder. Vi str\u00e4var efter att m\u00f6ta v\u00e5ra kunders behov och tillsammans fr\u00e4mja en h\u00e4lsosam livsstil. Som ett litet f\u00f6retag kan vi g\u00f6ra detta p\u00e5 ett individualiserat s\u00e4tt och hitta l\u00f6sningar som motsvarar v\u00e5ra kunders behov.<\/p>\n<p style=\"font-weight: 400;\">V\u00e5r logistik s\u00e4kerst\u00e4ller strikt uppfyllande av avtalade leveranstider.<\/p>\n\t\t\t\t\t\t\t\t<\/div>\n\t\t\t\t<\/div>\n\t\t\t\t\t<\/div>\n\t\t<\/div>\n\t\t\t\t<div class=\"elementor-column elementor-col-50 elementor-top-column elementor-element elementor-element-65dfb08\" data-id=\"65dfb08\" data-element_type=\"column\" data-e-type=\"column\">\n\t\t\t<div class=\"elementor-widget-wrap elementor-element-populated\">\n\t\t\t\t\t\t<div class=\"elementor-element elementor-element-a19794c elementor-widget__width-initial elementor-widget elementor-widget-image\" data-id=\"a19794c\" data-element_type=\"widget\" data-e-type=\"widget\" data-widget_type=\"image.default\">\n\t\t\t\t<div class=\"elementor-widget-container\">\n\t\t\t\t\t\t\t\t\t\t\t\t\t\t\t<img fetchpriority=\"high\" decoding=\"async\" width=\"300\" height=\"266\" src=\"https:\/\/bestmeatexpress.com\/wp-content\/uploads\/2023\/08\/auto.jpg\" class=\"attachment-large size-large wp-image-261\" alt=\"\" \/>\t\t\t\t\t\t\t\t\t\t\t\t\t\t\t<\/div>\n\t\t\t\t<\/div>\n\t\t\t\t\t<\/div>\n\t\t<\/div>\n\t\t\t\t\t<\/div>\n\t\t<\/section>\n\t\t\t\t<\/div>\n\t\t","protected":false},"excerpt":{"rendered":"<p>Vi str\u00e4var efter att erbjuda v\u00e5ra kunder l\u00e4ckert och h\u00f6gkvalitativt k\u00f6tt och k\u00f6ttprodukter, med frysta produkter som v\u00e5r s\u00e4rskilda specialitet. V\u00e5ra produkter uppfyller alla internationella standarder och vi har l\u00e5ng erfarenhet av f\u00f6r\u00e4dling och transport av livsmedel. V\u00e5ra anst\u00e4llda har stor kunskap om den teknologi som anv\u00e4nds f\u00f6r att h\u00e5lla k\u00f6ttet f\u00e4rskt. Allt detta g\u00f6r [&hellip;]<\/p>\n","protected":false},"author":1,"featured_media":0,"parent":0,"menu_order":0,"comment_status":"closed","ping_status":"closed","template":"","meta":{"footnotes":""},"class_list":["post-952","page","type-page","status-publish","hentry"],"yoast_head":"<!-- This site is optimized with the Yoast SEO plugin v27.4 - https:\/\/yoast.com\/product\/yoast-seo-wordpress\/ -->\n<title>OM OSS - Franklin<\/title>\n<meta name=\"robots\" content=\"index, follow, max-snippet:-1, max-image-preview:large, max-video-preview:-1\" \/>\n<link rel=\"canonical\" href=\"https:\/\/bestmeatexpress.com\/sv\/om-oss\/\" \/>\n<meta property=\"og:locale\" content=\"sv_SE\" \/>\n<meta property=\"og:type\" content=\"article\" \/>\n<meta property=\"og:title\" content=\"OM OSS - Franklin\" \/>\n<meta property=\"og:description\" content=\"Vi str\u00e4var efter att erbjuda v\u00e5ra kunder l\u00e4ckert och h\u00f6gkvalitativt k\u00f6tt och k\u00f6ttprodukter, med frysta produkter som v\u00e5r s\u00e4rskilda specialitet. V\u00e5ra produkter uppfyller alla internationella standarder och vi har l\u00e5ng erfarenhet av f\u00f6r\u00e4dling och transport av livsmedel. V\u00e5ra anst\u00e4llda har stor kunskap om den teknologi som anv\u00e4nds f\u00f6r att h\u00e5lla k\u00f6ttet f\u00e4rskt. Allt detta g\u00f6r [&hellip;]\" \/>\n<meta property=\"og:url\" content=\"https:\/\/bestmeatexpress.com\/sv\/om-oss\/\" \/>\n<meta property=\"og:site_name\" content=\"Franklin\" \/>\n<meta property=\"article:modified_time\" content=\"2023-10-09T18:10:01+00:00\" \/>\n<meta property=\"og:image\" content=\"https:\/\/bestmeatexpress.com\/wp-content\/uploads\/2023\/08\/auto.jpg\" \/>\n<meta name=\"twitter:card\" content=\"summary_large_image\" \/>\n<meta name=\"twitter:label1\" content=\"Ber\u00e4knad l\u00e4stid\" \/>\n\t<meta name=\"twitter:data1\" content=\"1 minut\" \/>\n<script type=\"application\/ld+json\" class=\"yoast-schema-graph\">{\"@context\":\"https:\\\/\\\/schema.org\",\"@graph\":[{\"@type\":\"WebPage\",\"@id\":\"https:\\\/\\\/bestmeatexpress.com\\\/sv\\\/om-oss\\\/\",\"url\":\"https:\\\/\\\/bestmeatexpress.com\\\/sv\\\/om-oss\\\/\",\"name\":\"OM OSS - Franklin\",\"isPartOf\":{\"@id\":\"https:\\\/\\\/bestmeatexpress.com\\\/#website\"},\"primaryImageOfPage\":{\"@id\":\"https:\\\/\\\/bestmeatexpress.com\\\/sv\\\/om-oss\\\/#primaryimage\"},\"image\":{\"@id\":\"https:\\\/\\\/bestmeatexpress.com\\\/sv\\\/om-oss\\\/#primaryimage\"},\"thumbnailUrl\":\"https:\\\/\\\/bestmeatexpress.com\\\/wp-content\\\/uploads\\\/2023\\\/08\\\/auto.jpg\",\"datePublished\":\"2023-08-01T19:52:49+00:00\",\"dateModified\":\"2023-10-09T18:10:01+00:00\",\"breadcrumb\":{\"@id\":\"https:\\\/\\\/bestmeatexpress.com\\\/sv\\\/om-oss\\\/#breadcrumb\"},\"inLanguage\":\"sv-SE\",\"potentialAction\":[{\"@type\":\"ReadAction\",\"target\":[\"https:\\\/\\\/bestmeatexpress.com\\\/sv\\\/om-oss\\\/\"]}]},{\"@type\":\"ImageObject\",\"inLanguage\":\"sv-SE\",\"@id\":\"https:\\\/\\\/bestmeatexpress.com\\\/sv\\\/om-oss\\\/#primaryimage\",\"url\":\"https:\\\/\\\/bestmeatexpress.com\\\/wp-content\\\/uploads\\\/2023\\\/08\\\/auto.jpg\",\"contentUrl\":\"https:\\\/\\\/bestmeatexpress.com\\\/wp-content\\\/uploads\\\/2023\\\/08\\\/auto.jpg\"},{\"@type\":\"BreadcrumbList\",\"@id\":\"https:\\\/\\\/bestmeatexpress.com\\\/sv\\\/om-oss\\\/#breadcrumb\",\"itemListElement\":[{\"@type\":\"ListItem\",\"position\":1,\"name\":\"Home\",\"item\":\"https:\\\/\\\/bestmeatexpress.com\\\/\"},{\"@type\":\"ListItem\",\"position\":2,\"name\":\"OM OSS\"}]},{\"@type\":\"WebSite\",\"@id\":\"https:\\\/\\\/bestmeatexpress.com\\\/#website\",\"url\":\"https:\\\/\\\/bestmeatexpress.com\\\/\",\"name\":\"Franklin\",\"description\":\"\",\"potentialAction\":[{\"@type\":\"SearchAction\",\"target\":{\"@type\":\"EntryPoint\",\"urlTemplate\":\"https:\\\/\\\/bestmeatexpress.com\\\/?s={search_term_string}\"},\"query-input\":{\"@type\":\"PropertyValueSpecification\",\"valueRequired\":true,\"valueName\":\"search_term_string\"}}],\"inLanguage\":\"sv-SE\"}]}<\/script>\n<!-- \/ Yoast SEO plugin. -->","yoast_head_json":{"title":"OM OSS - Franklin","robots":{"index":"index","follow":"follow","max-snippet":"max-snippet:-1","max-image-preview":"max-image-preview:large","max-video-preview":"max-video-preview:-1"},"canonical":"https:\/\/bestmeatexpress.com\/sv\/om-oss\/","og_locale":"sv_SE","og_type":"article","og_title":"OM OSS - Franklin","og_description":"Vi str\u00e4var efter att erbjuda v\u00e5ra kunder l\u00e4ckert och h\u00f6gkvalitativt k\u00f6tt och k\u00f6ttprodukter, med frysta produkter som v\u00e5r s\u00e4rskilda specialitet. V\u00e5ra produkter uppfyller alla internationella standarder och vi har l\u00e5ng erfarenhet av f\u00f6r\u00e4dling och transport av livsmedel. V\u00e5ra anst\u00e4llda har stor kunskap om den teknologi som anv\u00e4nds f\u00f6r att h\u00e5lla k\u00f6ttet f\u00e4rskt. Allt detta g\u00f6r [&hellip;]","og_url":"https:\/\/bestmeatexpress.com\/sv\/om-oss\/","og_site_name":"Franklin","article_modified_time":"2023-10-09T18:10:01+00:00","og_image":[{"url":"https:\/\/bestmeatexpress.com\/wp-content\/uploads\/2023\/08\/auto.jpg","type":"","width":"","height":""}],"twitter_card":"summary_large_image","twitter_misc":{"Ber\u00e4knad l\u00e4stid":"1 minut"},"schema":{"@context":"https:\/\/schema.org","@graph":[{"@type":"WebPage","@id":"https:\/\/bestmeatexpress.com\/sv\/om-oss\/","url":"https:\/\/bestmeatexpress.com\/sv\/om-oss\/","name":"OM OSS - Franklin","isPartOf":{"@id":"https:\/\/bestmeatexpress.com\/#website"},"primaryImageOfPage":{"@id":"https:\/\/bestmeatexpress.com\/sv\/om-oss\/#primaryimage"},"image":{"@id":"https:\/\/bestmeatexpress.com\/sv\/om-oss\/#primaryimage"},"thumbnailUrl":"https:\/\/bestmeatexpress.com\/wp-content\/uploads\/2023\/08\/auto.jpg","datePublished":"2023-08-01T19:52:49+00:00","dateModified":"2023-10-09T18:10:01+00:00","breadcrumb":{"@id":"https:\/\/bestmeatexpress.com\/sv\/om-oss\/#breadcrumb"},"inLanguage":"sv-SE","potentialAction":[{"@type":"ReadAction","target":["https:\/\/bestmeatexpress.com\/sv\/om-oss\/"]}]},{"@type":"ImageObject","inLanguage":"sv-SE","@id":"https:\/\/bestmeatexpress.com\/sv\/om-oss\/#primaryimage","url":"https:\/\/bestmeatexpress.com\/wp-content\/uploads\/2023\/08\/auto.jpg","contentUrl":"https:\/\/bestmeatexpress.com\/wp-content\/uploads\/2023\/08\/auto.jpg"},{"@type":"BreadcrumbList","@id":"https:\/\/bestmeatexpress.com\/sv\/om-oss\/#breadcrumb","itemListElement":[{"@type":"ListItem","position":1,"name":"Home","item":"https:\/\/bestmeatexpress.com\/"},{"@type":"ListItem","position":2,"name":"OM OSS"}]},{"@type":"WebSite","@id":"https:\/\/bestmeatexpress.com\/#website","url":"https:\/\/bestmeatexpress.com\/","name":"Franklin","description":"","potentialAction":[{"@type":"SearchAction","target":{"@type":"EntryPoint","urlTemplate":"https:\/\/bestmeatexpress.com\/?s={search_term_string}"},"query-input":{"@type":"PropertyValueSpecification","valueRequired":true,"valueName":"search_term_string"}}],"inLanguage":"sv-SE"}]}},"_links":{"self":[{"href":"https:\/\/bestmeatexpress.com\/sv\/wp-json\/wp\/v2\/pages\/952","targetHints":{"allow":["GET"]}}],"collection":[{"href":"https:\/\/bestmeatexpress.com\/sv\/wp-json\/wp\/v2\/pages"}],"about":[{"href":"https:\/\/bestmeatexpress.com\/sv\/wp-json\/wp\/v2\/types\/page"}],"author":[{"embeddable":true,"href":"https:\/\/bestmeatexpress.com\/sv\/wp-json\/wp\/v2\/users\/1"}],"replies":[{"embeddable":true,"href":"https:\/\/bestmeatexpress.com\/sv\/wp-json\/wp\/v2\/comments?post=952"}],"version-history":[{"count":1,"href":"https:\/\/bestmeatexpress.com\/sv\/wp-json\/wp\/v2\/pages\/952\/revisions"}],"predecessor-version":[{"id":953,"href":"https:\/\/bestmeatexpress.com\/sv\/wp-json\/wp\/v2\/pages\/952\/revisions\/953"}],"wp:attachment":[{"href":"https:\/\/bestmeatexpress.com\/sv\/wp-json\/wp\/v2\/media?parent=952"}],"curies":[{"name":"wp","href":"https:\/\/api.w.org\/{rel}","templated":true}]}}