{"id":950,"date":"2023-08-01T19:52:43","date_gmt":"2023-08-01T19:52:43","guid":{"rendered":"https:\/\/bestmeatexpress.com\/tjanster\/"},"modified":"2023-10-09T18:09:39","modified_gmt":"2023-10-09T18:09:39","slug":"tjanster","status":"publish","type":"page","link":"https:\/\/bestmeatexpress.com\/sv\/tjanster\/","title":{"rendered":"TJ\u00c4NSTER"},"content":{"rendered":"\t\t<div data-elementor-type=\"wp-page\" data-elementor-id=\"950\" class=\"elementor elementor-950 elementor-27\">\n\t\t\t\t\t\t<section class=\"elementor-section elementor-top-section elementor-element elementor-element-9541f2c elementor-section-boxed elementor-section-height-default elementor-section-height-default\" data-id=\"9541f2c\" data-element_type=\"section\" data-e-type=\"section\">\n\t\t\t\t\t\t<div class=\"elementor-container elementor-column-gap-default\">\n\t\t\t\t\t<div class=\"elementor-column elementor-col-100 elementor-top-column elementor-element elementor-element-b18b3f1\" data-id=\"b18b3f1\" data-element_type=\"column\" data-e-type=\"column\">\n\t\t\t<div class=\"elementor-widget-wrap elementor-element-populated\">\n\t\t\t\t\t\t<div class=\"elementor-element elementor-element-e657522 elementor-widget elementor-widget-text-editor\" data-id=\"e657522\" data-element_type=\"widget\" data-e-type=\"widget\" data-widget_type=\"text-editor.default\">\n\t\t\t\t<div class=\"elementor-widget-container\">\n\t\t\t\t\t\t\t\t\t<p style=\"font-weight: 400;\"><strong>Leveransvillkor<\/strong><\/p>\n<p style=\"font-weight: 400;\">Franklin O\u00dc kommer att skicka din best\u00e4llning inom 1\u20135 arbetsdagar efter mottagen betalning.<\/p>\n<p style=\"font-weight: 400;\">Vi erbjuder fri frakt inom Estland om din best\u00e4llning \u00f6verstiger 50 euro.<\/p>\n<p style=\"font-weight: 400;\">Om din best\u00e4llning \u00e4r under 50 euro, kommer en leveransavgift att ber\u00e4knas f\u00f6r dig automatiskt, baserat p\u00e5 vikten och volymen p\u00e5 din produkt samt leveranss\u00e4ttet du valt.<\/p>\n<p style=\"font-weight: 400;\">Du kan v\u00e4lja mellan flera leveranss\u00e4tt n\u00e4r du k\u00f6per fr\u00e5n v\u00e5r webbutik. Leveransavgiften ber\u00e4knas automatiskt baserat p\u00e5 inneh\u00e5llet i din kundvagn (dvs. en eng\u00e5ngsavgift kommer att l\u00e4ggas till f\u00f6r varor som levereras till en adress).<\/p>\n<p style=\"font-weight: 400;\">Leverans till vilken plats som helst i Estland tillhandah\u00e5lls av Franklin O\u00dc eller en transport\u00f6r. Internationell leverans kr\u00e4ver avtal med Franklin O\u00dc i f\u00f6rv\u00e4g.<\/p>\n<p style=\"font-weight: 400;\"><strong>Leveransalternativ<\/strong><\/p>\n<ul>\n<li>Omniva paketautomat<br \/>\nOmniva postkontor, m\u00e5ste avtalas i f\u00f6rv\u00e4g med Franklin O\u00dc<br \/>\nBud<\/li>\n<li>Paketautomat \u2013 paketautomater \u00e4r en sj\u00e4lvbetj\u00e4ningsmetod f\u00f6r att ta emot paket. De \u00e4r huvudsakligen bel\u00e4gna i eller vid stora k\u00f6pcentra och kan ta emot paket med en maximal storlek p\u00e5 39x38x64 cm (inklusive f\u00f6rpackning). N\u00e4r ditt paket har anl\u00e4nt f\u00e5r du ett textmeddelande med en personlig kod. N\u00e4r du anger den h\u00e4r koden i automaten \u00f6ppnas en av dess d\u00f6rrar, s\u00e5 att du kan h\u00e4mta ditt paket. Du kan se var automaterna finns genom att v\u00e4lja den h\u00e4r leveransmetoden.<\/li>\n<li>Omniva \u2013 din best\u00e4llning kommer att levereras till postkontoret n\u00e4rmast dig. Omniva skickar ett meddelande till dig n\u00e4r paketet har anl\u00e4nt. Du m\u00e5ste visa upp detta meddelande p\u00e5 postkontoret f\u00f6r att f\u00e5 ditt paket.<\/li>\n<li>Bud \u2013 om du v\u00e4ljer leverans med bud kommer din best\u00e4llning att levereras direkt vid d\u00f6rren till den angivna adressen. V\u00e5ra budtj\u00e4nster tillhandah\u00e5lls av Omniva och DPD. Budet kommer att kontakta dig n\u00e4r de har f\u00e5tt din best\u00e4llning f\u00f6r att komma \u00f6verens om en l\u00e4mplig tid f\u00f6r leverans.<br \/>\nVarorna kan ocks\u00e5 b\u00e4ras in mot en extra avgift.<\/li>\n<\/ul>\n\t\t\t\t\t\t\t\t<\/div>\n\t\t\t\t<\/div>\n\t\t\t\t\t<\/div>\n\t\t<\/div>\n\t\t\t\t\t<\/div>\n\t\t<\/section>\n\t\t\t\t<\/div>\n\t\t","protected":false},"excerpt":{"rendered":"<p>Leveransvillkor Franklin O\u00dc kommer att skicka din best\u00e4llning inom 1\u20135 arbetsdagar efter mottagen betalning. Vi erbjuder fri frakt inom Estland om din best\u00e4llning \u00f6verstiger 50 euro. Om din best\u00e4llning \u00e4r under 50 euro, kommer en leveransavgift att ber\u00e4knas f\u00f6r dig automatiskt, baserat p\u00e5 vikten och volymen p\u00e5 din produkt samt leveranss\u00e4ttet du valt. Du kan [&hellip;]<\/p>\n","protected":false},"author":1,"featured_media":0,"parent":0,"menu_order":0,"comment_status":"closed","ping_status":"closed","template":"","meta":{"footnotes":""},"class_list":["post-950","page","type-page","status-publish","hentry"],"yoast_head":"<!-- This site is optimized with the Yoast SEO plugin v27.4 - https:\/\/yoast.com\/product\/yoast-seo-wordpress\/ -->\n<title>TJ\u00c4NSTER - Franklin<\/title>\n<meta name=\"robots\" content=\"index, follow, max-snippet:-1, max-image-preview:large, max-video-preview:-1\" \/>\n<link rel=\"canonical\" href=\"https:\/\/bestmeatexpress.com\/sv\/tjanster\/\" \/>\n<meta property=\"og:locale\" content=\"sv_SE\" \/>\n<meta property=\"og:type\" content=\"article\" \/>\n<meta property=\"og:title\" content=\"TJ\u00c4NSTER - Franklin\" \/>\n<meta property=\"og:description\" content=\"Leveransvillkor Franklin O\u00dc kommer att skicka din best\u00e4llning inom 1\u20135 arbetsdagar efter mottagen betalning. Vi erbjuder fri frakt inom Estland om din best\u00e4llning \u00f6verstiger 50 euro. Om din best\u00e4llning \u00e4r under 50 euro, kommer en leveransavgift att ber\u00e4knas f\u00f6r dig automatiskt, baserat p\u00e5 vikten och volymen p\u00e5 din produkt samt leveranss\u00e4ttet du valt. Du kan [&hellip;]\" \/>\n<meta property=\"og:url\" content=\"https:\/\/bestmeatexpress.com\/sv\/tjanster\/\" \/>\n<meta property=\"og:site_name\" content=\"Franklin\" \/>\n<meta property=\"article:modified_time\" content=\"2023-10-09T18:09:39+00:00\" \/>\n<meta name=\"twitter:card\" content=\"summary_large_image\" \/>\n<meta name=\"twitter:label1\" content=\"Ber\u00e4knad l\u00e4stid\" \/>\n\t<meta name=\"twitter:data1\" content=\"2 minuter\" \/>\n<script type=\"application\/ld+json\" class=\"yoast-schema-graph\">{\"@context\":\"https:\\\/\\\/schema.org\",\"@graph\":[{\"@type\":\"WebPage\",\"@id\":\"https:\\\/\\\/bestmeatexpress.com\\\/sv\\\/tjanster\\\/\",\"url\":\"https:\\\/\\\/bestmeatexpress.com\\\/sv\\\/tjanster\\\/\",\"name\":\"TJ\u00c4NSTER - Franklin\",\"isPartOf\":{\"@id\":\"https:\\\/\\\/bestmeatexpress.com\\\/#website\"},\"datePublished\":\"2023-08-01T19:52:43+00:00\",\"dateModified\":\"2023-10-09T18:09:39+00:00\",\"breadcrumb\":{\"@id\":\"https:\\\/\\\/bestmeatexpress.com\\\/sv\\\/tjanster\\\/#breadcrumb\"},\"inLanguage\":\"sv-SE\",\"potentialAction\":[{\"@type\":\"ReadAction\",\"target\":[\"https:\\\/\\\/bestmeatexpress.com\\\/sv\\\/tjanster\\\/\"]}]},{\"@type\":\"BreadcrumbList\",\"@id\":\"https:\\\/\\\/bestmeatexpress.com\\\/sv\\\/tjanster\\\/#breadcrumb\",\"itemListElement\":[{\"@type\":\"ListItem\",\"position\":1,\"name\":\"Home\",\"item\":\"https:\\\/\\\/bestmeatexpress.com\\\/\"},{\"@type\":\"ListItem\",\"position\":2,\"name\":\"TJ\u00c4NSTER\"}]},{\"@type\":\"WebSite\",\"@id\":\"https:\\\/\\\/bestmeatexpress.com\\\/#website\",\"url\":\"https:\\\/\\\/bestmeatexpress.com\\\/\",\"name\":\"Franklin\",\"description\":\"\",\"potentialAction\":[{\"@type\":\"SearchAction\",\"target\":{\"@type\":\"EntryPoint\",\"urlTemplate\":\"https:\\\/\\\/bestmeatexpress.com\\\/?s={search_term_string}\"},\"query-input\":{\"@type\":\"PropertyValueSpecification\",\"valueRequired\":true,\"valueName\":\"search_term_string\"}}],\"inLanguage\":\"sv-SE\"}]}<\/script>\n<!-- \/ Yoast SEO plugin. -->","yoast_head_json":{"title":"TJ\u00c4NSTER - Franklin","robots":{"index":"index","follow":"follow","max-snippet":"max-snippet:-1","max-image-preview":"max-image-preview:large","max-video-preview":"max-video-preview:-1"},"canonical":"https:\/\/bestmeatexpress.com\/sv\/tjanster\/","og_locale":"sv_SE","og_type":"article","og_title":"TJ\u00c4NSTER - Franklin","og_description":"Leveransvillkor Franklin O\u00dc kommer att skicka din best\u00e4llning inom 1\u20135 arbetsdagar efter mottagen betalning. Vi erbjuder fri frakt inom Estland om din best\u00e4llning \u00f6verstiger 50 euro. Om din best\u00e4llning \u00e4r under 50 euro, kommer en leveransavgift att ber\u00e4knas f\u00f6r dig automatiskt, baserat p\u00e5 vikten och volymen p\u00e5 din produkt samt leveranss\u00e4ttet du valt. Du kan [&hellip;]","og_url":"https:\/\/bestmeatexpress.com\/sv\/tjanster\/","og_site_name":"Franklin","article_modified_time":"2023-10-09T18:09:39+00:00","twitter_card":"summary_large_image","twitter_misc":{"Ber\u00e4knad l\u00e4stid":"2 minuter"},"schema":{"@context":"https:\/\/schema.org","@graph":[{"@type":"WebPage","@id":"https:\/\/bestmeatexpress.com\/sv\/tjanster\/","url":"https:\/\/bestmeatexpress.com\/sv\/tjanster\/","name":"TJ\u00c4NSTER - Franklin","isPartOf":{"@id":"https:\/\/bestmeatexpress.com\/#website"},"datePublished":"2023-08-01T19:52:43+00:00","dateModified":"2023-10-09T18:09:39+00:00","breadcrumb":{"@id":"https:\/\/bestmeatexpress.com\/sv\/tjanster\/#breadcrumb"},"inLanguage":"sv-SE","potentialAction":[{"@type":"ReadAction","target":["https:\/\/bestmeatexpress.com\/sv\/tjanster\/"]}]},{"@type":"BreadcrumbList","@id":"https:\/\/bestmeatexpress.com\/sv\/tjanster\/#breadcrumb","itemListElement":[{"@type":"ListItem","position":1,"name":"Home","item":"https:\/\/bestmeatexpress.com\/"},{"@type":"ListItem","position":2,"name":"TJ\u00c4NSTER"}]},{"@type":"WebSite","@id":"https:\/\/bestmeatexpress.com\/#website","url":"https:\/\/bestmeatexpress.com\/","name":"Franklin","description":"","potentialAction":[{"@type":"SearchAction","target":{"@type":"EntryPoint","urlTemplate":"https:\/\/bestmeatexpress.com\/?s={search_term_string}"},"query-input":{"@type":"PropertyValueSpecification","valueRequired":true,"valueName":"search_term_string"}}],"inLanguage":"sv-SE"}]}},"_links":{"self":[{"href":"https:\/\/bestmeatexpress.com\/sv\/wp-json\/wp\/v2\/pages\/950","targetHints":{"allow":["GET"]}}],"collection":[{"href":"https:\/\/bestmeatexpress.com\/sv\/wp-json\/wp\/v2\/pages"}],"about":[{"href":"https:\/\/bestmeatexpress.com\/sv\/wp-json\/wp\/v2\/types\/page"}],"author":[{"embeddable":true,"href":"https:\/\/bestmeatexpress.com\/sv\/wp-json\/wp\/v2\/users\/1"}],"replies":[{"embeddable":true,"href":"https:\/\/bestmeatexpress.com\/sv\/wp-json\/wp\/v2\/comments?post=950"}],"version-history":[{"count":1,"href":"https:\/\/bestmeatexpress.com\/sv\/wp-json\/wp\/v2\/pages\/950\/revisions"}],"predecessor-version":[{"id":951,"href":"https:\/\/bestmeatexpress.com\/sv\/wp-json\/wp\/v2\/pages\/950\/revisions\/951"}],"wp:attachment":[{"href":"https:\/\/bestmeatexpress.com\/sv\/wp-json\/wp\/v2\/media?parent=950"}],"curies":[{"name":"wp","href":"https:\/\/api.w.org\/{rel}","templated":true}]}}