{"id":418,"date":"2023-08-01T19:52:43","date_gmt":"2023-08-01T19:52:43","guid":{"rendered":"https:\/\/bestmeatexpress.com\/uslugi\/"},"modified":"2023-08-02T19:29:19","modified_gmt":"2023-08-02T19:29:19","slug":"uslugi","status":"publish","type":"page","link":"https:\/\/bestmeatexpress.com\/pl\/uslugi\/","title":{"rendered":"US\u0141UGI"},"content":{"rendered":"\t\t<div data-elementor-type=\"wp-page\" data-elementor-id=\"418\" class=\"elementor elementor-418 elementor-27\">\n\t\t\t\t\t\t<section class=\"elementor-section elementor-top-section elementor-element elementor-element-9541f2c elementor-section-boxed elementor-section-height-default elementor-section-height-default\" data-id=\"9541f2c\" data-element_type=\"section\" data-e-type=\"section\">\n\t\t\t\t\t\t<div class=\"elementor-container elementor-column-gap-default\">\n\t\t\t\t\t<div class=\"elementor-column elementor-col-100 elementor-top-column elementor-element elementor-element-b18b3f1\" data-id=\"b18b3f1\" data-element_type=\"column\" data-e-type=\"column\">\n\t\t\t<div class=\"elementor-widget-wrap elementor-element-populated\">\n\t\t\t\t\t\t<div class=\"elementor-element elementor-element-e657522 elementor-widget elementor-widget-text-editor\" data-id=\"e657522\" data-element_type=\"widget\" data-e-type=\"widget\" data-widget_type=\"text-editor.default\">\n\t\t\t\t<div class=\"elementor-widget-container\">\n\t\t\t\t\t\t\t\t\t<p><strong>Warunki dostawy<\/strong><\/p><p>Firma Franklin O\u00dc wysy\u0142a zam\u00f3wiony przez Pa\u0144stwo towar w ci\u0105gu 1\u20135 dni roboczych od dnia wp\u0142yni\u0119cia pieni\u0119dzy na nasze konto bankowe.<\/p><p>Je\u015bli warto\u015b\u0107 zam\u00f3wienia przekracza 50.- euro, wysy\u0142amy towar za darmo w granicach Estonii.<\/p><p>Je\u015bli warto\u015b\u0107 zam\u00f3wienia jest mniejsza ni\u017c 50.- euro, do towar\u00f3w zostanie automatycznie dodany koszt wysy\u0142ki odpowiednio do wybranego przez Pa\u0144stwo sposobu transportu, z uwzgl\u0119dnieniem obj\u0119to\u015bci\/wagi zam\u00f3wionych produkt\u00f3w.<\/p><p>Podczas dokonywania zakup\u00f3w na witrynie Franklin O\u00dc mog\u0105 Pa\u0144stwo wybra\u0107 mi\u0119dzy r\u00f3\u017cnymi sposobami transportu.<\/p><p>Op\u0142ata za transport jest obliczana na podstawie koszyka (tj. jednorazowa op\u0142ata za zakupiony towar dostarczany na jeden adres).<\/p><p>Za transport towar\u00f3w odpowiedzialny jest Franklin O\u00dc lub podmiot \u015bwiadcz\u0105cy us\u0142ugi transportowe.<\/p><p>Dostawa towar\u00f3w mo\u017cliwa jest wsz\u0119dzie w granicach Estonii. Dostawa towar\u00f3w poza terytorium Estonii musi by\u0107 osobno uzgodniona z Franklin O\u00dc.<\/p><p><strong>Opcje dostawy<\/strong><\/p><ul><li>Paczkomat Omniva<\/li><li>Urz\u0105d pocztowy Omniva, za porozumieniem z Franklin O\u00dc<\/li><li>Kurier<\/li><\/ul><p>Paczkomat \u2013 paczkomaty to samoobs\u0142ugowe terminale odbioru przesy\u0142ek, kt\u00f3re znajduj\u0105 si\u0119 g\u0142\u00f3wnie w du\u017cych centrach handlowych lub w ich s\u0105siedztwie. Paczkomaty mieszcz\u0105 przesy\u0142ki o maksymalnych wymiarach 39 x 38 x 64 cm wraz z opakowaniem. Po tym, jak przesy\u0142ka dotar\u0142a do paczkomatu otrzymaj\u0105 Pa\u0144stwo przez SMS powiadomienie z osobistym kodem. Kod ten nale\u017cy wprowadzi\u0107 z ekranu paczkomatu, po czym nast\u0119puje otwarcie drzwi i mo\u017cna odebra\u0107 towar. Lokalizacje paczkomat\u00f3w znajd\u0105 Pa\u0144stwo w menu paczkomat\u00f3w.<\/p><p>Omniva \u2013 zam\u00f3wione wyroby dostarcza si\u0119 do Pa\u0144stwa najbli\u017cszego urz\u0119du pocztowego. Po tym, jak przesy\u0142ka dotar\u0142a do urz\u0119du pocztowego otrzymaj\u0105 Pa\u0144stwo zawiadomienie o przybyciu przesy\u0142ki, na podstawie kt\u00f3rego mo\u017cna b\u0119dzie odebra\u0107 przesy\u0142k\u0119 z najbli\u017cszego urz\u0119du pocztowego.<\/p><p>Kurier \u2013 wybieraj\u0105c przy sk\u0142adaniu zam\u00f3wienia &#8222;Kurier&#8221; jako spos\u00f3b dostawy, zam\u00f3wione towary dostarcza si\u0119 do drzwi wej\u015bciowych wskazanego w zam\u00f3wieniu adresu. Firmy kurierskie to Omniva i DPD. Po tym, jak towary zwi\u0105zane z Pa\u0144stwa zam\u00f3wieniem dotar\u0142y do firmy kurierskiej, kurier b\u0119dzie si\u0119 z Pa\u0144stwem kontaktowa\u0142 w celu uzgodnienia dok\u0142adnego czasu dostawy towaru.<\/p><p>W charakterze us\u0142ugi dodatkowej mo\u017cna zam\u00f3wi\u0107 wniesienie towaru do mieszkania.<\/p>\t\t\t\t\t\t\t\t<\/div>\n\t\t\t\t<\/div>\n\t\t\t\t\t<\/div>\n\t\t<\/div>\n\t\t\t\t\t<\/div>\n\t\t<\/section>\n\t\t\t\t<\/div>\n\t\t","protected":false},"excerpt":{"rendered":"<p>Warunki dostawy Firma Franklin O\u00dc wysy\u0142a zam\u00f3wiony przez Pa\u0144stwo towar w ci\u0105gu 1\u20135 dni roboczych od dnia wp\u0142yni\u0119cia pieni\u0119dzy na nasze konto bankowe. Je\u015bli warto\u015b\u0107 zam\u00f3wienia przekracza 50.- euro, wysy\u0142amy towar za darmo w granicach Estonii. Je\u015bli warto\u015b\u0107 zam\u00f3wienia jest mniejsza ni\u017c 50.- euro, do towar\u00f3w zostanie automatycznie dodany koszt wysy\u0142ki odpowiednio do wybranego przez [&hellip;]<\/p>\n","protected":false},"author":1,"featured_media":0,"parent":0,"menu_order":0,"comment_status":"closed","ping_status":"closed","template":"","meta":{"footnotes":""},"class_list":["post-418","page","type-page","status-publish","hentry"],"yoast_head":"<!-- This site is optimized with the Yoast SEO plugin v27.4 - https:\/\/yoast.com\/product\/yoast-seo-wordpress\/ -->\n<title>US\u0141UGI - Franklin<\/title>\n<meta name=\"robots\" content=\"index, follow, max-snippet:-1, max-image-preview:large, max-video-preview:-1\" \/>\n<link rel=\"canonical\" href=\"https:\/\/bestmeatexpress.com\/pl\/uslugi\/\" \/>\n<meta property=\"og:locale\" content=\"pl_PL\" \/>\n<meta property=\"og:type\" content=\"article\" \/>\n<meta property=\"og:title\" content=\"US\u0141UGI - Franklin\" \/>\n<meta property=\"og:description\" content=\"Warunki dostawy Firma Franklin O\u00dc wysy\u0142a zam\u00f3wiony przez Pa\u0144stwo towar w ci\u0105gu 1\u20135 dni roboczych od dnia wp\u0142yni\u0119cia pieni\u0119dzy na nasze konto bankowe. Je\u015bli warto\u015b\u0107 zam\u00f3wienia przekracza 50.- euro, wysy\u0142amy towar za darmo w granicach Estonii. Je\u015bli warto\u015b\u0107 zam\u00f3wienia jest mniejsza ni\u017c 50.- euro, do towar\u00f3w zostanie automatycznie dodany koszt wysy\u0142ki odpowiednio do wybranego przez [&hellip;]\" \/>\n<meta property=\"og:url\" content=\"https:\/\/bestmeatexpress.com\/pl\/uslugi\/\" \/>\n<meta property=\"og:site_name\" content=\"Franklin\" \/>\n<meta property=\"article:modified_time\" content=\"2023-08-02T19:29:19+00:00\" \/>\n<meta name=\"twitter:card\" content=\"summary_large_image\" \/>\n<meta name=\"twitter:label1\" content=\"Szacowany czas czytania\" \/>\n\t<meta name=\"twitter:data1\" content=\"2 minuty\" \/>\n<script type=\"application\/ld+json\" class=\"yoast-schema-graph\">{\"@context\":\"https:\\\/\\\/schema.org\",\"@graph\":[{\"@type\":\"WebPage\",\"@id\":\"https:\\\/\\\/bestmeatexpress.com\\\/pl\\\/uslugi\\\/\",\"url\":\"https:\\\/\\\/bestmeatexpress.com\\\/pl\\\/uslugi\\\/\",\"name\":\"US\u0141UGI - Franklin\",\"isPartOf\":{\"@id\":\"https:\\\/\\\/bestmeatexpress.com\\\/#website\"},\"datePublished\":\"2023-08-01T19:52:43+00:00\",\"dateModified\":\"2023-08-02T19:29:19+00:00\",\"breadcrumb\":{\"@id\":\"https:\\\/\\\/bestmeatexpress.com\\\/pl\\\/uslugi\\\/#breadcrumb\"},\"inLanguage\":\"pl-PL\",\"potentialAction\":[{\"@type\":\"ReadAction\",\"target\":[\"https:\\\/\\\/bestmeatexpress.com\\\/pl\\\/uslugi\\\/\"]}]},{\"@type\":\"BreadcrumbList\",\"@id\":\"https:\\\/\\\/bestmeatexpress.com\\\/pl\\\/uslugi\\\/#breadcrumb\",\"itemListElement\":[{\"@type\":\"ListItem\",\"position\":1,\"name\":\"Home\",\"item\":\"https:\\\/\\\/bestmeatexpress.com\\\/\"},{\"@type\":\"ListItem\",\"position\":2,\"name\":\"US\u0141UGI\"}]},{\"@type\":\"WebSite\",\"@id\":\"https:\\\/\\\/bestmeatexpress.com\\\/#website\",\"url\":\"https:\\\/\\\/bestmeatexpress.com\\\/\",\"name\":\"Franklin\",\"description\":\"\",\"potentialAction\":[{\"@type\":\"SearchAction\",\"target\":{\"@type\":\"EntryPoint\",\"urlTemplate\":\"https:\\\/\\\/bestmeatexpress.com\\\/?s={search_term_string}\"},\"query-input\":{\"@type\":\"PropertyValueSpecification\",\"valueRequired\":true,\"valueName\":\"search_term_string\"}}],\"inLanguage\":\"pl-PL\"}]}<\/script>\n<!-- \/ Yoast SEO plugin. -->","yoast_head_json":{"title":"US\u0141UGI - Franklin","robots":{"index":"index","follow":"follow","max-snippet":"max-snippet:-1","max-image-preview":"max-image-preview:large","max-video-preview":"max-video-preview:-1"},"canonical":"https:\/\/bestmeatexpress.com\/pl\/uslugi\/","og_locale":"pl_PL","og_type":"article","og_title":"US\u0141UGI - Franklin","og_description":"Warunki dostawy Firma Franklin O\u00dc wysy\u0142a zam\u00f3wiony przez Pa\u0144stwo towar w ci\u0105gu 1\u20135 dni roboczych od dnia wp\u0142yni\u0119cia pieni\u0119dzy na nasze konto bankowe. Je\u015bli warto\u015b\u0107 zam\u00f3wienia przekracza 50.- euro, wysy\u0142amy towar za darmo w granicach Estonii. Je\u015bli warto\u015b\u0107 zam\u00f3wienia jest mniejsza ni\u017c 50.- euro, do towar\u00f3w zostanie automatycznie dodany koszt wysy\u0142ki odpowiednio do wybranego przez [&hellip;]","og_url":"https:\/\/bestmeatexpress.com\/pl\/uslugi\/","og_site_name":"Franklin","article_modified_time":"2023-08-02T19:29:19+00:00","twitter_card":"summary_large_image","twitter_misc":{"Szacowany czas czytania":"2 minuty"},"schema":{"@context":"https:\/\/schema.org","@graph":[{"@type":"WebPage","@id":"https:\/\/bestmeatexpress.com\/pl\/uslugi\/","url":"https:\/\/bestmeatexpress.com\/pl\/uslugi\/","name":"US\u0141UGI - Franklin","isPartOf":{"@id":"https:\/\/bestmeatexpress.com\/#website"},"datePublished":"2023-08-01T19:52:43+00:00","dateModified":"2023-08-02T19:29:19+00:00","breadcrumb":{"@id":"https:\/\/bestmeatexpress.com\/pl\/uslugi\/#breadcrumb"},"inLanguage":"pl-PL","potentialAction":[{"@type":"ReadAction","target":["https:\/\/bestmeatexpress.com\/pl\/uslugi\/"]}]},{"@type":"BreadcrumbList","@id":"https:\/\/bestmeatexpress.com\/pl\/uslugi\/#breadcrumb","itemListElement":[{"@type":"ListItem","position":1,"name":"Home","item":"https:\/\/bestmeatexpress.com\/"},{"@type":"ListItem","position":2,"name":"US\u0141UGI"}]},{"@type":"WebSite","@id":"https:\/\/bestmeatexpress.com\/#website","url":"https:\/\/bestmeatexpress.com\/","name":"Franklin","description":"","potentialAction":[{"@type":"SearchAction","target":{"@type":"EntryPoint","urlTemplate":"https:\/\/bestmeatexpress.com\/?s={search_term_string}"},"query-input":{"@type":"PropertyValueSpecification","valueRequired":true,"valueName":"search_term_string"}}],"inLanguage":"pl-PL"}]}},"_links":{"self":[{"href":"https:\/\/bestmeatexpress.com\/pl\/wp-json\/wp\/v2\/pages\/418","targetHints":{"allow":["GET"]}}],"collection":[{"href":"https:\/\/bestmeatexpress.com\/pl\/wp-json\/wp\/v2\/pages"}],"about":[{"href":"https:\/\/bestmeatexpress.com\/pl\/wp-json\/wp\/v2\/types\/page"}],"author":[{"embeddable":true,"href":"https:\/\/bestmeatexpress.com\/pl\/wp-json\/wp\/v2\/users\/1"}],"replies":[{"embeddable":true,"href":"https:\/\/bestmeatexpress.com\/pl\/wp-json\/wp\/v2\/comments?post=418"}],"version-history":[{"count":4,"href":"https:\/\/bestmeatexpress.com\/pl\/wp-json\/wp\/v2\/pages\/418\/revisions"}],"predecessor-version":[{"id":422,"href":"https:\/\/bestmeatexpress.com\/pl\/wp-json\/wp\/v2\/pages\/418\/revisions\/422"}],"wp:attachment":[{"href":"https:\/\/bestmeatexpress.com\/pl\/wp-json\/wp\/v2\/media?parent=418"}],"curies":[{"name":"wp","href":"https:\/\/api.w.org\/{rel}","templated":true}]}}