{"id":667,"date":"2023-08-01T19:52:43","date_gmt":"2023-08-01T19:52:43","guid":{"rendered":"https:\/\/bestmeatexpress.com\/pakalpojumi\/"},"modified":"2023-10-04T14:18:51","modified_gmt":"2023-10-04T14:18:51","slug":"pakalpojumi","status":"publish","type":"page","link":"https:\/\/bestmeatexpress.com\/lv\/pakalpojumi\/","title":{"rendered":"Pakalpojumi"},"content":{"rendered":"\t\t<div data-elementor-type=\"wp-page\" data-elementor-id=\"667\" class=\"elementor elementor-667 elementor-27\">\n\t\t\t\t\t\t<section class=\"elementor-section elementor-top-section elementor-element elementor-element-9541f2c elementor-section-boxed elementor-section-height-default elementor-section-height-default\" data-id=\"9541f2c\" data-element_type=\"section\" data-e-type=\"section\">\n\t\t\t\t\t\t<div class=\"elementor-container elementor-column-gap-default\">\n\t\t\t\t\t<div class=\"elementor-column elementor-col-100 elementor-top-column elementor-element elementor-element-b18b3f1\" data-id=\"b18b3f1\" data-element_type=\"column\" data-e-type=\"column\">\n\t\t\t<div class=\"elementor-widget-wrap elementor-element-populated\">\n\t\t\t\t\t\t<div class=\"elementor-element elementor-element-e657522 elementor-widget elementor-widget-text-editor\" data-id=\"e657522\" data-element_type=\"widget\" data-e-type=\"widget\" data-widget_type=\"text-editor.default\">\n\t\t\t\t<div class=\"elementor-widget-container\">\n\t\t\t\t\t\t\t\t\t<p style=\"font-weight: 400;\"><strong>Pieg\u0101des nosac\u012bjumi<\/strong><\/p>\n<p style=\"font-weight: 400;\">Franklin O\u00dc nos\u016bt\u012bs j\u016bsu pas\u016bt\u012bjumu 1-5 darba dienu laik\u0101 p\u0113c maks\u0101juma sa\u0146em\u0161anas.<\/p>\n<p style=\"font-weight: 400;\">M\u0113s nodro\u0161in\u0101m bezmaksas pieg\u0101di Igaunijas teritorij\u0101, ja j\u016bsu pas\u016bt\u012bjums p\u0101rsniedz 50 EUR.<\/p>\n<p style=\"font-weight: 400;\">Ja j\u016bsu pas\u016bt\u012bjuma summa ir maz\u0101ka par 50 EUR, pieg\u0101des maksa jums tiks apr\u0113\u0137in\u0101ta autom\u0101tiski, pamatojoties uz j\u016bsu produkta svaru un apjomu, k\u0101 ar\u012b izv\u0113l\u0113to pieg\u0101des veidu.<\/p>\n<p style=\"font-weight: 400;\">P\u0113rkot preces m\u016bsu interneta veikal\u0101, varat izv\u0113l\u0113ties vair\u0101kas pieg\u0101des iesp\u0113jas. Transport\u0113\u0161anas maksa tiek autom\u0101tiski apr\u0113\u0137in\u0101ta, pamatojoties uz j\u016bsu iepirkumu groza saturu (t. i., prec\u0113m, kas tiek pieg\u0101d\u0101tas uz vienu adresi, tiks piem\u0113rota vienreiz\u0113ja maksa).<\/p>\n<p style=\"font-weight: 400;\">Pre\u010du pieg\u0101di uz jebkuru vietu Igaunij\u0101 nodro\u0161ina Franklin O\u00dc vai transporta pakalpojumu sniedz\u0113js. Par starptautisko pieg\u0101di iepriek\u0161 j\u0101vienojas ar Franklin O\u00dc.<\/p>\n<p style=\"font-weight: 400;\"><strong>Pieg\u0101des iesp\u0113jas<\/strong><\/p>\n<ul>\n<li>Omniva pakom\u0101ts<br \/>\nOmniva pasta noda\u013ca, iepriek\u0161 j\u0101vienojas ar Franklin O\u00dc<br \/>\nKurjers<\/li>\n<li>Pakom\u0101ts &#8211; pakom\u0101ti ir pa\u0161apkalpo\u0161an\u0101s metode paku sa\u0146em\u0161anai. Tie galvenok\u0101rt atrodas lielos tirdzniec\u012bbas centros vai to tuvum\u0101, un taj\u0101s var ievietot pakas ar maksim\u0101lo izm\u0113ru 39\u00d738\u00d764 cm (ieskaitot iepakojumu). Kad j\u016bsu s\u016bt\u012bjums b\u016bs sa\u0146emts, sa\u0146emsiet \u012bszi\u0146u ar person\u012bgo kodu. Ievadot \u0161o kodu autom\u0101t\u0101, atv\u0113rsies vienas no t\u0101 durv\u012bm, un j\u016bs var\u0113siet sa\u0146emt savu s\u016bt\u012bjumu. Izv\u0113loties \u0161o pieg\u0101des veidu, varat izv\u0113l\u0113ties pakom\u0101ta atra\u0161an\u0101s vietu.<\/li>\n<li>Omniva &#8211; j\u016bsu pas\u016bt\u012bjums tiks pieg\u0101d\u0101ts uz jums tuv\u0101ko pasta noda\u013cu. Omniva nos\u016bt\u012bs jums pazi\u0146ojumu, tikl\u012bdz s\u016bt\u012bjums b\u016bs sa\u0146emts. Lai sa\u0146emtu savu s\u016bt\u012bjumu, jums \u0161is pazi\u0146ojums b\u016bs j\u0101uzr\u0101da pasta noda\u013c\u0101.<\/li>\n<li>Kurjers &#8211; ja izv\u0113laties pieg\u0101di ar kurjeru, j\u016bsu pas\u016bt\u012bjums tiks pieg\u0101d\u0101ts tie\u0161i uz nor\u0101d\u012bto adresi. M\u016bsu kurjerpasta pakalpojumus nodro\u0161ina Omniva un DPD. Kurjers sazin\u0101sies ar jums, tikl\u012bdz b\u016bs sa\u0146\u0113mis j\u016bsu pas\u016bt\u012bjumu, lai vienotos par \u0113rtu pieg\u0101des laiku.<br \/>\nPre\u010du iene\u0161ana telp\u0101s iesp\u0113jama par papildu samaksu.<\/li>\n<\/ul>\n\t\t\t\t\t\t\t\t<\/div>\n\t\t\t\t<\/div>\n\t\t\t\t\t<\/div>\n\t\t<\/div>\n\t\t\t\t\t<\/div>\n\t\t<\/section>\n\t\t\t\t<\/div>\n\t\t","protected":false},"excerpt":{"rendered":"<p>Pieg\u0101des nosac\u012bjumi Franklin O\u00dc nos\u016bt\u012bs j\u016bsu pas\u016bt\u012bjumu 1-5 darba dienu laik\u0101 p\u0113c maks\u0101juma sa\u0146em\u0161anas. M\u0113s nodro\u0161in\u0101m bezmaksas pieg\u0101di Igaunijas teritorij\u0101, ja j\u016bsu pas\u016bt\u012bjums p\u0101rsniedz 50 EUR. Ja j\u016bsu pas\u016bt\u012bjuma summa ir maz\u0101ka par 50 EUR, pieg\u0101des maksa jums tiks apr\u0113\u0137in\u0101ta autom\u0101tiski, pamatojoties uz j\u016bsu produkta svaru un apjomu, k\u0101 ar\u012b izv\u0113l\u0113to pieg\u0101des veidu. P\u0113rkot preces [&hellip;]<\/p>\n","protected":false},"author":1,"featured_media":0,"parent":0,"menu_order":0,"comment_status":"closed","ping_status":"closed","template":"","meta":{"footnotes":""},"class_list":["post-667","page","type-page","status-publish","hentry"],"yoast_head":"<!-- This site is optimized with the Yoast SEO plugin v27.4 - https:\/\/yoast.com\/product\/yoast-seo-wordpress\/ -->\n<title>Pakalpojumi - Franklin<\/title>\n<meta name=\"robots\" content=\"index, follow, max-snippet:-1, max-image-preview:large, max-video-preview:-1\" \/>\n<link rel=\"canonical\" href=\"https:\/\/bestmeatexpress.com\/lv\/pakalpojumi\/\" \/>\n<meta property=\"og:locale\" content=\"lv_LV\" \/>\n<meta property=\"og:type\" content=\"article\" \/>\n<meta property=\"og:title\" content=\"Pakalpojumi - Franklin\" \/>\n<meta property=\"og:description\" content=\"Pieg\u0101des nosac\u012bjumi Franklin O\u00dc nos\u016bt\u012bs j\u016bsu pas\u016bt\u012bjumu 1-5 darba dienu laik\u0101 p\u0113c maks\u0101juma sa\u0146em\u0161anas. M\u0113s nodro\u0161in\u0101m bezmaksas pieg\u0101di Igaunijas teritorij\u0101, ja j\u016bsu pas\u016bt\u012bjums p\u0101rsniedz 50 EUR. Ja j\u016bsu pas\u016bt\u012bjuma summa ir maz\u0101ka par 50 EUR, pieg\u0101des maksa jums tiks apr\u0113\u0137in\u0101ta autom\u0101tiski, pamatojoties uz j\u016bsu produkta svaru un apjomu, k\u0101 ar\u012b izv\u0113l\u0113to pieg\u0101des veidu. P\u0113rkot preces [&hellip;]\" \/>\n<meta property=\"og:url\" content=\"https:\/\/bestmeatexpress.com\/lv\/pakalpojumi\/\" \/>\n<meta property=\"og:site_name\" content=\"Franklin\" \/>\n<meta property=\"article:modified_time\" content=\"2023-10-04T14:18:51+00:00\" \/>\n<meta name=\"twitter:card\" content=\"summary_large_image\" \/>\n<meta name=\"twitter:label1\" content=\"Est. reading time\" \/>\n\t<meta name=\"twitter:data1\" content=\"2 minutes\" \/>\n<script type=\"application\/ld+json\" class=\"yoast-schema-graph\">{\"@context\":\"https:\\\/\\\/schema.org\",\"@graph\":[{\"@type\":\"WebPage\",\"@id\":\"https:\\\/\\\/bestmeatexpress.com\\\/lv\\\/pakalpojumi\\\/\",\"url\":\"https:\\\/\\\/bestmeatexpress.com\\\/lv\\\/pakalpojumi\\\/\",\"name\":\"Pakalpojumi - Franklin\",\"isPartOf\":{\"@id\":\"https:\\\/\\\/bestmeatexpress.com\\\/#website\"},\"datePublished\":\"2023-08-01T19:52:43+00:00\",\"dateModified\":\"2023-10-04T14:18:51+00:00\",\"breadcrumb\":{\"@id\":\"https:\\\/\\\/bestmeatexpress.com\\\/lv\\\/pakalpojumi\\\/#breadcrumb\"},\"inLanguage\":\"lv-LV\",\"potentialAction\":[{\"@type\":\"ReadAction\",\"target\":[\"https:\\\/\\\/bestmeatexpress.com\\\/lv\\\/pakalpojumi\\\/\"]}]},{\"@type\":\"BreadcrumbList\",\"@id\":\"https:\\\/\\\/bestmeatexpress.com\\\/lv\\\/pakalpojumi\\\/#breadcrumb\",\"itemListElement\":[{\"@type\":\"ListItem\",\"position\":1,\"name\":\"Home\",\"item\":\"https:\\\/\\\/bestmeatexpress.com\\\/\"},{\"@type\":\"ListItem\",\"position\":2,\"name\":\"Pakalpojumi\"}]},{\"@type\":\"WebSite\",\"@id\":\"https:\\\/\\\/bestmeatexpress.com\\\/#website\",\"url\":\"https:\\\/\\\/bestmeatexpress.com\\\/\",\"name\":\"Franklin\",\"description\":\"\",\"potentialAction\":[{\"@type\":\"SearchAction\",\"target\":{\"@type\":\"EntryPoint\",\"urlTemplate\":\"https:\\\/\\\/bestmeatexpress.com\\\/?s={search_term_string}\"},\"query-input\":{\"@type\":\"PropertyValueSpecification\",\"valueRequired\":true,\"valueName\":\"search_term_string\"}}],\"inLanguage\":\"lv-LV\"}]}<\/script>\n<!-- \/ Yoast SEO plugin. -->","yoast_head_json":{"title":"Pakalpojumi - Franklin","robots":{"index":"index","follow":"follow","max-snippet":"max-snippet:-1","max-image-preview":"max-image-preview:large","max-video-preview":"max-video-preview:-1"},"canonical":"https:\/\/bestmeatexpress.com\/lv\/pakalpojumi\/","og_locale":"lv_LV","og_type":"article","og_title":"Pakalpojumi - Franklin","og_description":"Pieg\u0101des nosac\u012bjumi Franklin O\u00dc nos\u016bt\u012bs j\u016bsu pas\u016bt\u012bjumu 1-5 darba dienu laik\u0101 p\u0113c maks\u0101juma sa\u0146em\u0161anas. M\u0113s nodro\u0161in\u0101m bezmaksas pieg\u0101di Igaunijas teritorij\u0101, ja j\u016bsu pas\u016bt\u012bjums p\u0101rsniedz 50 EUR. Ja j\u016bsu pas\u016bt\u012bjuma summa ir maz\u0101ka par 50 EUR, pieg\u0101des maksa jums tiks apr\u0113\u0137in\u0101ta autom\u0101tiski, pamatojoties uz j\u016bsu produkta svaru un apjomu, k\u0101 ar\u012b izv\u0113l\u0113to pieg\u0101des veidu. P\u0113rkot preces [&hellip;]","og_url":"https:\/\/bestmeatexpress.com\/lv\/pakalpojumi\/","og_site_name":"Franklin","article_modified_time":"2023-10-04T14:18:51+00:00","twitter_card":"summary_large_image","twitter_misc":{"Est. reading time":"2 minutes"},"schema":{"@context":"https:\/\/schema.org","@graph":[{"@type":"WebPage","@id":"https:\/\/bestmeatexpress.com\/lv\/pakalpojumi\/","url":"https:\/\/bestmeatexpress.com\/lv\/pakalpojumi\/","name":"Pakalpojumi - Franklin","isPartOf":{"@id":"https:\/\/bestmeatexpress.com\/#website"},"datePublished":"2023-08-01T19:52:43+00:00","dateModified":"2023-10-04T14:18:51+00:00","breadcrumb":{"@id":"https:\/\/bestmeatexpress.com\/lv\/pakalpojumi\/#breadcrumb"},"inLanguage":"lv-LV","potentialAction":[{"@type":"ReadAction","target":["https:\/\/bestmeatexpress.com\/lv\/pakalpojumi\/"]}]},{"@type":"BreadcrumbList","@id":"https:\/\/bestmeatexpress.com\/lv\/pakalpojumi\/#breadcrumb","itemListElement":[{"@type":"ListItem","position":1,"name":"Home","item":"https:\/\/bestmeatexpress.com\/"},{"@type":"ListItem","position":2,"name":"Pakalpojumi"}]},{"@type":"WebSite","@id":"https:\/\/bestmeatexpress.com\/#website","url":"https:\/\/bestmeatexpress.com\/","name":"Franklin","description":"","potentialAction":[{"@type":"SearchAction","target":{"@type":"EntryPoint","urlTemplate":"https:\/\/bestmeatexpress.com\/?s={search_term_string}"},"query-input":{"@type":"PropertyValueSpecification","valueRequired":true,"valueName":"search_term_string"}}],"inLanguage":"lv-LV"}]}},"_links":{"self":[{"href":"https:\/\/bestmeatexpress.com\/lv\/wp-json\/wp\/v2\/pages\/667","targetHints":{"allow":["GET"]}}],"collection":[{"href":"https:\/\/bestmeatexpress.com\/lv\/wp-json\/wp\/v2\/pages"}],"about":[{"href":"https:\/\/bestmeatexpress.com\/lv\/wp-json\/wp\/v2\/types\/page"}],"author":[{"embeddable":true,"href":"https:\/\/bestmeatexpress.com\/lv\/wp-json\/wp\/v2\/users\/1"}],"replies":[{"embeddable":true,"href":"https:\/\/bestmeatexpress.com\/lv\/wp-json\/wp\/v2\/comments?post=667"}],"version-history":[{"count":1,"href":"https:\/\/bestmeatexpress.com\/lv\/wp-json\/wp\/v2\/pages\/667\/revisions"}],"predecessor-version":[{"id":668,"href":"https:\/\/bestmeatexpress.com\/lv\/wp-json\/wp\/v2\/pages\/667\/revisions\/668"}],"wp:attachment":[{"href":"https:\/\/bestmeatexpress.com\/lv\/wp-json\/wp\/v2\/media?parent=667"}],"curies":[{"name":"wp","href":"https:\/\/api.w.org\/{rel}","templated":true}]}}