{"id":659,"date":"2023-08-01T19:52:33","date_gmt":"2023-08-01T19:52:33","guid":{"rendered":"https:\/\/bestmeatexpress.com\/produkti\/"},"modified":"2023-10-04T14:07:23","modified_gmt":"2023-10-04T14:07:23","slug":"produkti","status":"publish","type":"page","link":"https:\/\/bestmeatexpress.com\/lv\/produkti\/","title":{"rendered":"Produkti"},"content":{"rendered":"\t\t<div data-elementor-type=\"wp-page\" data-elementor-id=\"659\" class=\"elementor elementor-659 elementor-24\">\n\t\t\t\t\t\t<section class=\"elementor-section elementor-top-section elementor-element elementor-element-ecaa54a elementor-section-boxed elementor-section-height-default elementor-section-height-default\" data-id=\"ecaa54a\" data-element_type=\"section\" data-e-type=\"section\">\n\t\t\t\t\t\t<div class=\"elementor-container elementor-column-gap-default\">\n\t\t\t\t\t<div class=\"elementor-column elementor-col-50 elementor-top-column elementor-element elementor-element-9c20d9b elementor-hidden-tablet elementor-hidden-mobile\" data-id=\"9c20d9b\" data-element_type=\"column\" data-e-type=\"column\">\n\t\t\t<div class=\"elementor-widget-wrap elementor-element-populated\">\n\t\t\t\t\t\t<div class=\"elementor-element elementor-element-30e8ec5 elementor-widget elementor-widget-shortcode\" data-id=\"30e8ec5\" data-element_type=\"widget\" data-e-type=\"widget\" data-widget_type=\"shortcode.default\">\n\t\t\t\t<div class=\"elementor-widget-container\">\n\t\t\t\t\t\t\t<div class=\"elementor-shortcode\">\r\n<div class=\"shortcode-child-pages\">\r\n    <ul>\r\n    <br \/>\n<b>Warning<\/b>:  Attempt to read property \"post_parent\" on null in <b>\/data01\/virt66596\/domeenid\/www.bestmeatexpress.com\/htdocs\/wp-content\/themes\/bestmeatexpress\/inc\/templates\/shortcode\/child-pages.php<\/b> on line <b>7<\/b><br \/>\n<br \/>\n<b>Warning<\/b>:  Attempt to read property \"ID\" on null in <b>\/data01\/virt66596\/domeenid\/www.bestmeatexpress.com\/htdocs\/wp-content\/themes\/bestmeatexpress\/inc\/templates\/shortcode\/child-pages.php<\/b> on line <b>7<\/b><br \/>\n<li class=\"page_item page-item-1166\"><a href=\"https:\/\/bestmeatexpress.com\/lv\/blogs\/\">Blogs<\/a><\/li>\n<li class=\"page_item page-item-671\"><a href=\"https:\/\/bestmeatexpress.com\/lv\/kontakti\/\">Kontakti<\/a><\/li>\n<li class=\"page_item page-item-667\"><a href=\"https:\/\/bestmeatexpress.com\/lv\/pakalpojumi\/\">Pakalpojumi<\/a><\/li>\n<li class=\"page_item page-item-669\"><a href=\"https:\/\/bestmeatexpress.com\/lv\/par-mums\/\">Par mums<\/a><\/li>\n<li class=\"page_item page-item-659 page_item_has_children\"><a href=\"https:\/\/bestmeatexpress.com\/lv\/produkti\/\">Produkti<\/a>\n<ul class='children'>\n\t<li class=\"page_item page-item-665\"><a href=\"https:\/\/bestmeatexpress.com\/lv\/produkti\/iiekartas\/\">Iiek\u0101rtas<\/a><\/li>\n\t<li class=\"page_item page-item-661\"><a href=\"https:\/\/bestmeatexpress.com\/lv\/produkti\/liellopu-gala\/\">Liellopu ga\u013ca<\/a><\/li>\n\t<li class=\"page_item page-item-663\"><a href=\"https:\/\/bestmeatexpress.com\/lv\/produkti\/vistas-gala\/\">Vistas ga\u013ca<\/a><\/li>\n<\/ul>\n<\/li>\n<li class=\"page_item page-item-655\"><a href=\"https:\/\/bestmeatexpress.com\/lv\/\">S\u0101kums<\/a><\/li>\n    <\/ul>\r\n<\/div>\r\n<\/div>\n\t\t\t\t\t\t<\/div>\n\t\t\t\t<\/div>\n\t\t\t\t\t<\/div>\n\t\t<\/div>\n\t\t\t\t<div class=\"elementor-column elementor-col-50 elementor-top-column elementor-element elementor-element-13beb2f\" data-id=\"13beb2f\" data-element_type=\"column\" data-e-type=\"column\">\n\t\t\t<div class=\"elementor-widget-wrap elementor-element-populated\">\n\t\t\t\t\t\t<div class=\"elementor-element elementor-element-47dccac elementor-widget__width-initial elementor-widget elementor-widget-text-editor\" data-id=\"47dccac\" data-element_type=\"widget\" data-e-type=\"widget\" data-widget_type=\"text-editor.default\">\n\t\t\t\t<div class=\"elementor-widget-container\">\n\t\t\t\t\t\t\t\t\t<p style=\"font-weight: 400;\">M\u016bsu sortiment\u0101 galvenok\u0101rt ir da\u017e\u0101da veida sald\u0113ta ga\u013ca.<\/p>\n<p style=\"font-weight: 400;\">Papildus ga\u013cas produktu p\u0101rdo\u0161anai vairum\u0101 m\u0113s pied\u0101v\u0101jam ar\u012b kvalitat\u012bvus transport\u0113\u0161anas un lo\u0123istikas pakalpojumus produktiem ar \u012bpa\u0161\u0101m temperat\u016bras pras\u012bb\u0101m (-18 \u00b0C&#8230;-20 \u00b0C).<\/p>\n<p style=\"font-weight: 400;\">Ja jums nepiecie\u0161ama papildu inform\u0101cija vai cenu pied\u0101v\u0101jums, l\u016bdzu, jaut\u0101jiet. Skat\u012bt: kontaktinform\u0101cija.<\/p>\n\t\t\t\t\t\t\t\t<\/div>\n\t\t\t\t<\/div>\n\t\t\t\t\t<\/div>\n\t\t<\/div>\n\t\t\t\t\t<\/div>\n\t\t<\/section>\n\t\t\t\t<\/div>\n\t\t","protected":false},"excerpt":{"rendered":"<p>M\u016bsu sortiment\u0101 galvenok\u0101rt ir da\u017e\u0101da veida sald\u0113ta ga\u013ca. Papildus ga\u013cas produktu p\u0101rdo\u0161anai vairum\u0101 m\u0113s pied\u0101v\u0101jam ar\u012b kvalitat\u012bvus transport\u0113\u0161anas un lo\u0123istikas pakalpojumus produktiem ar \u012bpa\u0161\u0101m temperat\u016bras pras\u012bb\u0101m (-18 \u00b0C&#8230;-20 \u00b0C). Ja jums nepiecie\u0161ama papildu inform\u0101cija vai cenu pied\u0101v\u0101jums, l\u016bdzu, jaut\u0101jiet. Skat\u012bt: kontaktinform\u0101cija.<\/p>\n","protected":false},"author":1,"featured_media":0,"parent":0,"menu_order":0,"comment_status":"closed","ping_status":"closed","template":"","meta":{"footnotes":""},"class_list":["post-659","page","type-page","status-publish","hentry"],"yoast_head":"<!-- This site is optimized with the Yoast SEO plugin v27.3 - https:\/\/yoast.com\/product\/yoast-seo-wordpress\/ -->\n<title>Produkti - Franklin<\/title>\n<meta name=\"robots\" content=\"index, follow, max-snippet:-1, max-image-preview:large, max-video-preview:-1\" \/>\n<link rel=\"canonical\" href=\"https:\/\/bestmeatexpress.com\/lv\/produkti\/\" \/>\n<meta property=\"og:locale\" content=\"lv_LV\" \/>\n<meta property=\"og:type\" content=\"article\" \/>\n<meta property=\"og:title\" content=\"Produkti - Franklin\" \/>\n<meta property=\"og:description\" content=\"M\u016bsu sortiment\u0101 galvenok\u0101rt ir da\u017e\u0101da veida sald\u0113ta ga\u013ca. Papildus ga\u013cas produktu p\u0101rdo\u0161anai vairum\u0101 m\u0113s pied\u0101v\u0101jam ar\u012b kvalitat\u012bvus transport\u0113\u0161anas un lo\u0123istikas pakalpojumus produktiem ar \u012bpa\u0161\u0101m temperat\u016bras pras\u012bb\u0101m (-18 \u00b0C&#8230;-20 \u00b0C). Ja jums nepiecie\u0161ama papildu inform\u0101cija vai cenu pied\u0101v\u0101jums, l\u016bdzu, jaut\u0101jiet. Skat\u012bt: kontaktinform\u0101cija.\" \/>\n<meta property=\"og:url\" content=\"https:\/\/bestmeatexpress.com\/lv\/produkti\/\" \/>\n<meta property=\"og:site_name\" content=\"Franklin\" \/>\n<meta property=\"article:modified_time\" content=\"2023-10-04T14:07:23+00:00\" \/>\n<meta name=\"twitter:card\" content=\"summary_large_image\" \/>\n<script type=\"application\/ld+json\" class=\"yoast-schema-graph\">{\"@context\":\"https:\\\/\\\/schema.org\",\"@graph\":[{\"@type\":\"WebPage\",\"@id\":\"https:\\\/\\\/bestmeatexpress.com\\\/lv\\\/produkti\\\/\",\"url\":\"https:\\\/\\\/bestmeatexpress.com\\\/lv\\\/produkti\\\/\",\"name\":\"Produkti - Franklin\",\"isPartOf\":{\"@id\":\"https:\\\/\\\/bestmeatexpress.com\\\/#website\"},\"datePublished\":\"2023-08-01T19:52:33+00:00\",\"dateModified\":\"2023-10-04T14:07:23+00:00\",\"breadcrumb\":{\"@id\":\"https:\\\/\\\/bestmeatexpress.com\\\/lv\\\/produkti\\\/#breadcrumb\"},\"inLanguage\":\"lv-LV\",\"potentialAction\":[{\"@type\":\"ReadAction\",\"target\":[\"https:\\\/\\\/bestmeatexpress.com\\\/lv\\\/produkti\\\/\"]}]},{\"@type\":\"BreadcrumbList\",\"@id\":\"https:\\\/\\\/bestmeatexpress.com\\\/lv\\\/produkti\\\/#breadcrumb\",\"itemListElement\":[{\"@type\":\"ListItem\",\"position\":1,\"name\":\"Home\",\"item\":\"https:\\\/\\\/bestmeatexpress.com\\\/\"},{\"@type\":\"ListItem\",\"position\":2,\"name\":\"Produkti\"}]},{\"@type\":\"WebSite\",\"@id\":\"https:\\\/\\\/bestmeatexpress.com\\\/#website\",\"url\":\"https:\\\/\\\/bestmeatexpress.com\\\/\",\"name\":\"Franklin\",\"description\":\"\",\"potentialAction\":[{\"@type\":\"SearchAction\",\"target\":{\"@type\":\"EntryPoint\",\"urlTemplate\":\"https:\\\/\\\/bestmeatexpress.com\\\/?s={search_term_string}\"},\"query-input\":{\"@type\":\"PropertyValueSpecification\",\"valueRequired\":true,\"valueName\":\"search_term_string\"}}],\"inLanguage\":\"lv-LV\"}]}<\/script>\n<!-- \/ Yoast SEO plugin. -->","yoast_head_json":{"title":"Produkti - Franklin","robots":{"index":"index","follow":"follow","max-snippet":"max-snippet:-1","max-image-preview":"max-image-preview:large","max-video-preview":"max-video-preview:-1"},"canonical":"https:\/\/bestmeatexpress.com\/lv\/produkti\/","og_locale":"lv_LV","og_type":"article","og_title":"Produkti - Franklin","og_description":"M\u016bsu sortiment\u0101 galvenok\u0101rt ir da\u017e\u0101da veida sald\u0113ta ga\u013ca. Papildus ga\u013cas produktu p\u0101rdo\u0161anai vairum\u0101 m\u0113s pied\u0101v\u0101jam ar\u012b kvalitat\u012bvus transport\u0113\u0161anas un lo\u0123istikas pakalpojumus produktiem ar \u012bpa\u0161\u0101m temperat\u016bras pras\u012bb\u0101m (-18 \u00b0C&#8230;-20 \u00b0C). Ja jums nepiecie\u0161ama papildu inform\u0101cija vai cenu pied\u0101v\u0101jums, l\u016bdzu, jaut\u0101jiet. Skat\u012bt: kontaktinform\u0101cija.","og_url":"https:\/\/bestmeatexpress.com\/lv\/produkti\/","og_site_name":"Franklin","article_modified_time":"2023-10-04T14:07:23+00:00","twitter_card":"summary_large_image","schema":{"@context":"https:\/\/schema.org","@graph":[{"@type":"WebPage","@id":"https:\/\/bestmeatexpress.com\/lv\/produkti\/","url":"https:\/\/bestmeatexpress.com\/lv\/produkti\/","name":"Produkti - Franklin","isPartOf":{"@id":"https:\/\/bestmeatexpress.com\/#website"},"datePublished":"2023-08-01T19:52:33+00:00","dateModified":"2023-10-04T14:07:23+00:00","breadcrumb":{"@id":"https:\/\/bestmeatexpress.com\/lv\/produkti\/#breadcrumb"},"inLanguage":"lv-LV","potentialAction":[{"@type":"ReadAction","target":["https:\/\/bestmeatexpress.com\/lv\/produkti\/"]}]},{"@type":"BreadcrumbList","@id":"https:\/\/bestmeatexpress.com\/lv\/produkti\/#breadcrumb","itemListElement":[{"@type":"ListItem","position":1,"name":"Home","item":"https:\/\/bestmeatexpress.com\/"},{"@type":"ListItem","position":2,"name":"Produkti"}]},{"@type":"WebSite","@id":"https:\/\/bestmeatexpress.com\/#website","url":"https:\/\/bestmeatexpress.com\/","name":"Franklin","description":"","potentialAction":[{"@type":"SearchAction","target":{"@type":"EntryPoint","urlTemplate":"https:\/\/bestmeatexpress.com\/?s={search_term_string}"},"query-input":{"@type":"PropertyValueSpecification","valueRequired":true,"valueName":"search_term_string"}}],"inLanguage":"lv-LV"}]}},"_links":{"self":[{"href":"https:\/\/bestmeatexpress.com\/lv\/wp-json\/wp\/v2\/pages\/659","targetHints":{"allow":["GET"]}}],"collection":[{"href":"https:\/\/bestmeatexpress.com\/lv\/wp-json\/wp\/v2\/pages"}],"about":[{"href":"https:\/\/bestmeatexpress.com\/lv\/wp-json\/wp\/v2\/types\/page"}],"author":[{"embeddable":true,"href":"https:\/\/bestmeatexpress.com\/lv\/wp-json\/wp\/v2\/users\/1"}],"replies":[{"embeddable":true,"href":"https:\/\/bestmeatexpress.com\/lv\/wp-json\/wp\/v2\/comments?post=659"}],"version-history":[{"count":1,"href":"https:\/\/bestmeatexpress.com\/lv\/wp-json\/wp\/v2\/pages\/659\/revisions"}],"predecessor-version":[{"id":660,"href":"https:\/\/bestmeatexpress.com\/lv\/wp-json\/wp\/v2\/pages\/659\/revisions\/660"}],"wp:attachment":[{"href":"https:\/\/bestmeatexpress.com\/lv\/wp-json\/wp\/v2\/media?parent=659"}],"curies":[{"name":"wp","href":"https:\/\/api.w.org\/{rel}","templated":true}]}}