{"id":366,"date":"2023-08-01T19:52:49","date_gmt":"2023-08-01T19:52:49","guid":{"rendered":"https:\/\/bestmeatexpress.com\/apie\/"},"modified":"2023-08-02T19:14:06","modified_gmt":"2023-08-02T19:14:06","slug":"apie","status":"publish","type":"page","link":"https:\/\/bestmeatexpress.com\/lt\/apie\/","title":{"rendered":"APIE"},"content":{"rendered":"\t\t<div data-elementor-type=\"wp-page\" data-elementor-id=\"366\" class=\"elementor elementor-366 elementor-30\">\n\t\t\t\t\t\t<section class=\"elementor-section elementor-top-section elementor-element elementor-element-a4a75c9 elementor-section-boxed elementor-section-height-default elementor-section-height-default\" data-id=\"a4a75c9\" data-element_type=\"section\" data-e-type=\"section\">\n\t\t\t\t\t\t<div class=\"elementor-container elementor-column-gap-default\">\n\t\t\t\t\t<div class=\"elementor-column elementor-col-50 elementor-top-column elementor-element elementor-element-95c03d0\" data-id=\"95c03d0\" data-element_type=\"column\" data-e-type=\"column\">\n\t\t\t<div class=\"elementor-widget-wrap elementor-element-populated\">\n\t\t\t\t\t\t<div class=\"elementor-element elementor-element-072772f elementor-widget elementor-widget-text-editor\" data-id=\"072772f\" data-element_type=\"widget\" data-e-type=\"widget\" data-widget_type=\"text-editor.default\">\n\t\t\t\t<div class=\"elementor-widget-container\">\n\t\t\t\t\t\t\t\t\t<p>\u012emon\u0117s tikslas yra m\u016bs\u0173 klientams tiekti kokybi\u0161k\u0105 ir skani\u0105 m\u0117s\u0105 bei \u012fvairius m\u0117sos produktus. \u012emon\u0117s specializacija \u2013 \u0161aldyti m\u0117sos produktai, atitinkantys tarptautinius standartus. Ilgamet\u0117 patirtis maisto produkt\u0173 kokyb\u0117s valdymo ir transportavimo srityje ir darbuotoj\u0173 profesionalumas, naudojant modernias technologijas palaikyti m\u0117sos \u0161vie\u017eum\u0105, klientams suteikia garantij\u0105, kad esame patikima \u012fmon\u0117. M\u016bs\u0173 tikslas yra b\u016bti patikimu partneriu klientams ir, veikiant drauge, skatinti sveik\u0105 gyvenimo b\u016bd\u0105. Esame ma\u017ea \u012fmon\u0117, atsi\u017evelgianti \u012f individualius kliento poreikius.<\/p><p>M\u016bs\u0173 transporto logistikos strukt\u016bra u\u017etikrina, kad prek\u0117s yra pristatomos grie\u017etai laikantis sutartini\u0173 pristatymo termin\u0173.<\/p>\t\t\t\t\t\t\t\t<\/div>\n\t\t\t\t<\/div>\n\t\t\t\t\t<\/div>\n\t\t<\/div>\n\t\t\t\t<div class=\"elementor-column elementor-col-50 elementor-top-column elementor-element elementor-element-65dfb08\" data-id=\"65dfb08\" data-element_type=\"column\" data-e-type=\"column\">\n\t\t\t<div class=\"elementor-widget-wrap elementor-element-populated\">\n\t\t\t\t\t\t<div class=\"elementor-element elementor-element-a19794c elementor-widget__width-initial elementor-widget elementor-widget-image\" data-id=\"a19794c\" data-element_type=\"widget\" data-e-type=\"widget\" data-widget_type=\"image.default\">\n\t\t\t\t<div class=\"elementor-widget-container\">\n\t\t\t\t\t\t\t\t\t\t\t\t\t\t\t<img fetchpriority=\"high\" decoding=\"async\" width=\"300\" height=\"266\" src=\"https:\/\/bestmeatexpress.com\/wp-content\/uploads\/2023\/08\/auto.jpg\" class=\"attachment-large size-large wp-image-261\" alt=\"\" \/>\t\t\t\t\t\t\t\t\t\t\t\t\t\t\t<\/div>\n\t\t\t\t<\/div>\n\t\t\t\t\t<\/div>\n\t\t<\/div>\n\t\t\t\t\t<\/div>\n\t\t<\/section>\n\t\t\t\t<\/div>\n\t\t","protected":false},"excerpt":{"rendered":"<p>\u012emon\u0117s tikslas yra m\u016bs\u0173 klientams tiekti kokybi\u0161k\u0105 ir skani\u0105 m\u0117s\u0105 bei \u012fvairius m\u0117sos produktus. \u012emon\u0117s specializacija \u2013 \u0161aldyti m\u0117sos produktai, atitinkantys tarptautinius standartus. Ilgamet\u0117 patirtis maisto produkt\u0173 kokyb\u0117s valdymo ir transportavimo srityje ir darbuotoj\u0173 profesionalumas, naudojant modernias technologijas palaikyti m\u0117sos \u0161vie\u017eum\u0105, klientams suteikia garantij\u0105, kad esame patikima \u012fmon\u0117. M\u016bs\u0173 tikslas yra b\u016bti patikimu partneriu klientams [&hellip;]<\/p>\n","protected":false},"author":1,"featured_media":0,"parent":0,"menu_order":0,"comment_status":"closed","ping_status":"closed","template":"","meta":{"footnotes":""},"class_list":["post-366","page","type-page","status-publish","hentry"],"yoast_head":"<!-- This site is optimized with the Yoast SEO plugin v27.4 - https:\/\/yoast.com\/product\/yoast-seo-wordpress\/ -->\n<title>APIE - Franklin<\/title>\n<meta name=\"robots\" content=\"index, follow, max-snippet:-1, max-image-preview:large, max-video-preview:-1\" \/>\n<link rel=\"canonical\" href=\"https:\/\/bestmeatexpress.com\/lt\/apie\/\" \/>\n<meta property=\"og:locale\" content=\"lt_LT\" \/>\n<meta property=\"og:type\" content=\"article\" \/>\n<meta property=\"og:title\" content=\"APIE - Franklin\" \/>\n<meta property=\"og:description\" content=\"\u012emon\u0117s tikslas yra m\u016bs\u0173 klientams tiekti kokybi\u0161k\u0105 ir skani\u0105 m\u0117s\u0105 bei \u012fvairius m\u0117sos produktus. \u012emon\u0117s specializacija \u2013 \u0161aldyti m\u0117sos produktai, atitinkantys tarptautinius standartus. Ilgamet\u0117 patirtis maisto produkt\u0173 kokyb\u0117s valdymo ir transportavimo srityje ir darbuotoj\u0173 profesionalumas, naudojant modernias technologijas palaikyti m\u0117sos \u0161vie\u017eum\u0105, klientams suteikia garantij\u0105, kad esame patikima \u012fmon\u0117. M\u016bs\u0173 tikslas yra b\u016bti patikimu partneriu klientams [&hellip;]\" \/>\n<meta property=\"og:url\" content=\"https:\/\/bestmeatexpress.com\/lt\/apie\/\" \/>\n<meta property=\"og:site_name\" content=\"Franklin\" \/>\n<meta property=\"article:modified_time\" content=\"2023-08-02T19:14:06+00:00\" \/>\n<meta property=\"og:image\" content=\"https:\/\/bestmeatexpress.com\/wp-content\/uploads\/2023\/08\/auto.jpg\" \/>\n<meta name=\"twitter:card\" content=\"summary_large_image\" \/>\n<meta name=\"twitter:label1\" content=\"Est. reading time\" \/>\n\t<meta name=\"twitter:data1\" content=\"1 minut\u0117\" \/>\n<script type=\"application\/ld+json\" class=\"yoast-schema-graph\">{\"@context\":\"https:\\\/\\\/schema.org\",\"@graph\":[{\"@type\":\"WebPage\",\"@id\":\"https:\\\/\\\/bestmeatexpress.com\\\/lt\\\/apie\\\/\",\"url\":\"https:\\\/\\\/bestmeatexpress.com\\\/lt\\\/apie\\\/\",\"name\":\"APIE - Franklin\",\"isPartOf\":{\"@id\":\"https:\\\/\\\/bestmeatexpress.com\\\/#website\"},\"primaryImageOfPage\":{\"@id\":\"https:\\\/\\\/bestmeatexpress.com\\\/lt\\\/apie\\\/#primaryimage\"},\"image\":{\"@id\":\"https:\\\/\\\/bestmeatexpress.com\\\/lt\\\/apie\\\/#primaryimage\"},\"thumbnailUrl\":\"https:\\\/\\\/bestmeatexpress.com\\\/wp-content\\\/uploads\\\/2023\\\/08\\\/auto.jpg\",\"datePublished\":\"2023-08-01T19:52:49+00:00\",\"dateModified\":\"2023-08-02T19:14:06+00:00\",\"breadcrumb\":{\"@id\":\"https:\\\/\\\/bestmeatexpress.com\\\/lt\\\/apie\\\/#breadcrumb\"},\"inLanguage\":\"lt-LT\",\"potentialAction\":[{\"@type\":\"ReadAction\",\"target\":[\"https:\\\/\\\/bestmeatexpress.com\\\/lt\\\/apie\\\/\"]}]},{\"@type\":\"ImageObject\",\"inLanguage\":\"lt-LT\",\"@id\":\"https:\\\/\\\/bestmeatexpress.com\\\/lt\\\/apie\\\/#primaryimage\",\"url\":\"https:\\\/\\\/bestmeatexpress.com\\\/wp-content\\\/uploads\\\/2023\\\/08\\\/auto.jpg\",\"contentUrl\":\"https:\\\/\\\/bestmeatexpress.com\\\/wp-content\\\/uploads\\\/2023\\\/08\\\/auto.jpg\"},{\"@type\":\"BreadcrumbList\",\"@id\":\"https:\\\/\\\/bestmeatexpress.com\\\/lt\\\/apie\\\/#breadcrumb\",\"itemListElement\":[{\"@type\":\"ListItem\",\"position\":1,\"name\":\"Home\",\"item\":\"https:\\\/\\\/bestmeatexpress.com\\\/\"},{\"@type\":\"ListItem\",\"position\":2,\"name\":\"APIE\"}]},{\"@type\":\"WebSite\",\"@id\":\"https:\\\/\\\/bestmeatexpress.com\\\/#website\",\"url\":\"https:\\\/\\\/bestmeatexpress.com\\\/\",\"name\":\"Franklin\",\"description\":\"\",\"potentialAction\":[{\"@type\":\"SearchAction\",\"target\":{\"@type\":\"EntryPoint\",\"urlTemplate\":\"https:\\\/\\\/bestmeatexpress.com\\\/?s={search_term_string}\"},\"query-input\":{\"@type\":\"PropertyValueSpecification\",\"valueRequired\":true,\"valueName\":\"search_term_string\"}}],\"inLanguage\":\"lt-LT\"}]}<\/script>\n<!-- \/ Yoast SEO plugin. -->","yoast_head_json":{"title":"APIE - Franklin","robots":{"index":"index","follow":"follow","max-snippet":"max-snippet:-1","max-image-preview":"max-image-preview:large","max-video-preview":"max-video-preview:-1"},"canonical":"https:\/\/bestmeatexpress.com\/lt\/apie\/","og_locale":"lt_LT","og_type":"article","og_title":"APIE - Franklin","og_description":"\u012emon\u0117s tikslas yra m\u016bs\u0173 klientams tiekti kokybi\u0161k\u0105 ir skani\u0105 m\u0117s\u0105 bei \u012fvairius m\u0117sos produktus. \u012emon\u0117s specializacija \u2013 \u0161aldyti m\u0117sos produktai, atitinkantys tarptautinius standartus. Ilgamet\u0117 patirtis maisto produkt\u0173 kokyb\u0117s valdymo ir transportavimo srityje ir darbuotoj\u0173 profesionalumas, naudojant modernias technologijas palaikyti m\u0117sos \u0161vie\u017eum\u0105, klientams suteikia garantij\u0105, kad esame patikima \u012fmon\u0117. M\u016bs\u0173 tikslas yra b\u016bti patikimu partneriu klientams [&hellip;]","og_url":"https:\/\/bestmeatexpress.com\/lt\/apie\/","og_site_name":"Franklin","article_modified_time":"2023-08-02T19:14:06+00:00","og_image":[{"url":"https:\/\/bestmeatexpress.com\/wp-content\/uploads\/2023\/08\/auto.jpg","type":"","width":"","height":""}],"twitter_card":"summary_large_image","twitter_misc":{"Est. reading time":"1 minut\u0117"},"schema":{"@context":"https:\/\/schema.org","@graph":[{"@type":"WebPage","@id":"https:\/\/bestmeatexpress.com\/lt\/apie\/","url":"https:\/\/bestmeatexpress.com\/lt\/apie\/","name":"APIE - Franklin","isPartOf":{"@id":"https:\/\/bestmeatexpress.com\/#website"},"primaryImageOfPage":{"@id":"https:\/\/bestmeatexpress.com\/lt\/apie\/#primaryimage"},"image":{"@id":"https:\/\/bestmeatexpress.com\/lt\/apie\/#primaryimage"},"thumbnailUrl":"https:\/\/bestmeatexpress.com\/wp-content\/uploads\/2023\/08\/auto.jpg","datePublished":"2023-08-01T19:52:49+00:00","dateModified":"2023-08-02T19:14:06+00:00","breadcrumb":{"@id":"https:\/\/bestmeatexpress.com\/lt\/apie\/#breadcrumb"},"inLanguage":"lt-LT","potentialAction":[{"@type":"ReadAction","target":["https:\/\/bestmeatexpress.com\/lt\/apie\/"]}]},{"@type":"ImageObject","inLanguage":"lt-LT","@id":"https:\/\/bestmeatexpress.com\/lt\/apie\/#primaryimage","url":"https:\/\/bestmeatexpress.com\/wp-content\/uploads\/2023\/08\/auto.jpg","contentUrl":"https:\/\/bestmeatexpress.com\/wp-content\/uploads\/2023\/08\/auto.jpg"},{"@type":"BreadcrumbList","@id":"https:\/\/bestmeatexpress.com\/lt\/apie\/#breadcrumb","itemListElement":[{"@type":"ListItem","position":1,"name":"Home","item":"https:\/\/bestmeatexpress.com\/"},{"@type":"ListItem","position":2,"name":"APIE"}]},{"@type":"WebSite","@id":"https:\/\/bestmeatexpress.com\/#website","url":"https:\/\/bestmeatexpress.com\/","name":"Franklin","description":"","potentialAction":[{"@type":"SearchAction","target":{"@type":"EntryPoint","urlTemplate":"https:\/\/bestmeatexpress.com\/?s={search_term_string}"},"query-input":{"@type":"PropertyValueSpecification","valueRequired":true,"valueName":"search_term_string"}}],"inLanguage":"lt-LT"}]}},"_links":{"self":[{"href":"https:\/\/bestmeatexpress.com\/lt\/wp-json\/wp\/v2\/pages\/366","targetHints":{"allow":["GET"]}}],"collection":[{"href":"https:\/\/bestmeatexpress.com\/lt\/wp-json\/wp\/v2\/pages"}],"about":[{"href":"https:\/\/bestmeatexpress.com\/lt\/wp-json\/wp\/v2\/types\/page"}],"author":[{"embeddable":true,"href":"https:\/\/bestmeatexpress.com\/lt\/wp-json\/wp\/v2\/users\/1"}],"replies":[{"embeddable":true,"href":"https:\/\/bestmeatexpress.com\/lt\/wp-json\/wp\/v2\/comments?post=366"}],"version-history":[{"count":4,"href":"https:\/\/bestmeatexpress.com\/lt\/wp-json\/wp\/v2\/pages\/366\/revisions"}],"predecessor-version":[{"id":370,"href":"https:\/\/bestmeatexpress.com\/lt\/wp-json\/wp\/v2\/pages\/366\/revisions\/370"}],"wp:attachment":[{"href":"https:\/\/bestmeatexpress.com\/lt\/wp-json\/wp\/v2\/media?parent=366"}],"curies":[{"name":"wp","href":"https:\/\/api.w.org\/{rel}","templated":true}]}}