{"id":873,"date":"2023-08-01T19:52:49","date_gmt":"2023-08-01T19:52:49","guid":{"rendered":"https:\/\/bestmeatexpress.com\/yrityksesta\/"},"modified":"2023-10-09T08:51:27","modified_gmt":"2023-10-09T08:51:27","slug":"yrityksesta","status":"publish","type":"page","link":"https:\/\/bestmeatexpress.com\/fi\/yrityksesta\/","title":{"rendered":"YRITYKSEST\u00c4"},"content":{"rendered":"\t\t<div data-elementor-type=\"wp-page\" data-elementor-id=\"873\" class=\"elementor elementor-873 elementor-30\">\n\t\t\t\t\t\t<section class=\"elementor-section elementor-top-section elementor-element elementor-element-a4a75c9 elementor-section-boxed elementor-section-height-default elementor-section-height-default\" data-id=\"a4a75c9\" data-element_type=\"section\" data-e-type=\"section\">\n\t\t\t\t\t\t<div class=\"elementor-container elementor-column-gap-default\">\n\t\t\t\t\t<div class=\"elementor-column elementor-col-50 elementor-top-column elementor-element elementor-element-95c03d0\" data-id=\"95c03d0\" data-element_type=\"column\" data-e-type=\"column\">\n\t\t\t<div class=\"elementor-widget-wrap elementor-element-populated\">\n\t\t\t\t\t\t<div class=\"elementor-element elementor-element-072772f elementor-widget elementor-widget-text-editor\" data-id=\"072772f\" data-element_type=\"widget\" data-e-type=\"widget\" data-widget_type=\"text-editor.default\">\n\t\t\t\t<div class=\"elementor-widget-container\">\n\t\t\t\t\t\t\t\t\t<p style=\"font-weight: 400;\">Tavoitteenamme on tarjota asiakkaille maukasta ja laadukasta lihaa ja lihatuotteita, ennen kaikkea keskitymme pakastettuihin tuotteisiin.<\/p>\n<p style=\"font-weight: 400;\">Tuotteemme vastaavat t\u00e4ydellisesti kaikkia kansainv\u00e4lisi\u00e4 standardeja ja meill\u00e4 on pitk\u00e4 kokemus ruoan k\u00e4sittelyn ja kuljetuksen alalla.<br \/>\nTy\u00f6ntekij\u00f6ill\u00e4mme on perusteelliset tiedot teknologiasta, jota k\u00e4yt\u00e4mme lihan tuoreena s\u00e4ilymiseen.<\/p>\n<p style=\"font-weight: 400;\">Sen ansiosta olemme kaikille asiakkaille luotettava kumppani. Yrit\u00e4mme t\u00e4ytt\u00e4\u00e4 asiakkaidemme tarpeet ja edist\u00e4\u00e4 yhdess\u00e4 terveellisi\u00e4 el\u00e4m\u00e4ntapoja. Pienyrityksen\u00e4 voimme l\u00e4hesty\u00e4 asiakasta yksil\u00f6llisesti ja l\u00f6yt\u00e4\u00e4 ratkaisuja asiakkaiden tarpeiden mukaan.<\/p>\n<p style=\"font-weight: 400;\">Yksil\u00f6llinen logistiikkaj\u00e4rjestelm\u00e4mme takaa sopimusten m\u00e4\u00e4r\u00e4aikojen ehdottoman noudattamisen.<\/p>\n\t\t\t\t\t\t\t\t<\/div>\n\t\t\t\t<\/div>\n\t\t\t\t\t<\/div>\n\t\t<\/div>\n\t\t\t\t<div class=\"elementor-column elementor-col-50 elementor-top-column elementor-element elementor-element-65dfb08\" data-id=\"65dfb08\" data-element_type=\"column\" data-e-type=\"column\">\n\t\t\t<div class=\"elementor-widget-wrap elementor-element-populated\">\n\t\t\t\t\t\t<div class=\"elementor-element elementor-element-a19794c elementor-widget__width-initial elementor-widget elementor-widget-image\" data-id=\"a19794c\" data-element_type=\"widget\" data-e-type=\"widget\" data-widget_type=\"image.default\">\n\t\t\t\t<div class=\"elementor-widget-container\">\n\t\t\t\t\t\t\t\t\t\t\t\t\t\t\t<img fetchpriority=\"high\" decoding=\"async\" width=\"300\" height=\"266\" src=\"https:\/\/bestmeatexpress.com\/wp-content\/uploads\/2023\/08\/auto.jpg\" class=\"attachment-large size-large wp-image-261\" alt=\"\" \/>\t\t\t\t\t\t\t\t\t\t\t\t\t\t\t<\/div>\n\t\t\t\t<\/div>\n\t\t\t\t\t<\/div>\n\t\t<\/div>\n\t\t\t\t\t<\/div>\n\t\t<\/section>\n\t\t\t\t<\/div>\n\t\t","protected":false},"excerpt":{"rendered":"<p>Tavoitteenamme on tarjota asiakkaille maukasta ja laadukasta lihaa ja lihatuotteita, ennen kaikkea keskitymme pakastettuihin tuotteisiin. Tuotteemme vastaavat t\u00e4ydellisesti kaikkia kansainv\u00e4lisi\u00e4 standardeja ja meill\u00e4 on pitk\u00e4 kokemus ruoan k\u00e4sittelyn ja kuljetuksen alalla. Ty\u00f6ntekij\u00f6ill\u00e4mme on perusteelliset tiedot teknologiasta, jota k\u00e4yt\u00e4mme lihan tuoreena s\u00e4ilymiseen. Sen ansiosta olemme kaikille asiakkaille luotettava kumppani. Yrit\u00e4mme t\u00e4ytt\u00e4\u00e4 asiakkaidemme tarpeet ja edist\u00e4\u00e4 yhdess\u00e4 [&hellip;]<\/p>\n","protected":false},"author":1,"featured_media":0,"parent":0,"menu_order":0,"comment_status":"closed","ping_status":"closed","template":"","meta":{"footnotes":""},"class_list":["post-873","page","type-page","status-publish","hentry"],"yoast_head":"<!-- This site is optimized with the Yoast SEO plugin v27.3 - https:\/\/yoast.com\/product\/yoast-seo-wordpress\/ -->\n<title>YRITYKSEST\u00c4 - Franklin<\/title>\n<meta name=\"robots\" content=\"index, follow, max-snippet:-1, max-image-preview:large, max-video-preview:-1\" \/>\n<link rel=\"canonical\" href=\"https:\/\/bestmeatexpress.com\/fi\/yrityksesta\/\" \/>\n<meta property=\"og:locale\" content=\"fi_FI\" \/>\n<meta property=\"og:type\" content=\"article\" \/>\n<meta property=\"og:title\" content=\"YRITYKSEST\u00c4 - Franklin\" \/>\n<meta property=\"og:description\" content=\"Tavoitteenamme on tarjota asiakkaille maukasta ja laadukasta lihaa ja lihatuotteita, ennen kaikkea keskitymme pakastettuihin tuotteisiin. Tuotteemme vastaavat t\u00e4ydellisesti kaikkia kansainv\u00e4lisi\u00e4 standardeja ja meill\u00e4 on pitk\u00e4 kokemus ruoan k\u00e4sittelyn ja kuljetuksen alalla. Ty\u00f6ntekij\u00f6ill\u00e4mme on perusteelliset tiedot teknologiasta, jota k\u00e4yt\u00e4mme lihan tuoreena s\u00e4ilymiseen. Sen ansiosta olemme kaikille asiakkaille luotettava kumppani. Yrit\u00e4mme t\u00e4ytt\u00e4\u00e4 asiakkaidemme tarpeet ja edist\u00e4\u00e4 yhdess\u00e4 [&hellip;]\" \/>\n<meta property=\"og:url\" content=\"https:\/\/bestmeatexpress.com\/fi\/yrityksesta\/\" \/>\n<meta property=\"og:site_name\" content=\"Franklin\" \/>\n<meta property=\"article:modified_time\" content=\"2023-10-09T08:51:27+00:00\" \/>\n<meta property=\"og:image\" content=\"https:\/\/bestmeatexpress.com\/wp-content\/uploads\/2023\/08\/auto.jpg\" \/>\n<meta name=\"twitter:card\" content=\"summary_large_image\" \/>\n<script type=\"application\/ld+json\" class=\"yoast-schema-graph\">{\"@context\":\"https:\\\/\\\/schema.org\",\"@graph\":[{\"@type\":\"WebPage\",\"@id\":\"https:\\\/\\\/bestmeatexpress.com\\\/fi\\\/yrityksesta\\\/\",\"url\":\"https:\\\/\\\/bestmeatexpress.com\\\/fi\\\/yrityksesta\\\/\",\"name\":\"YRITYKSEST\u00c4 - Franklin\",\"isPartOf\":{\"@id\":\"https:\\\/\\\/bestmeatexpress.com\\\/#website\"},\"primaryImageOfPage\":{\"@id\":\"https:\\\/\\\/bestmeatexpress.com\\\/fi\\\/yrityksesta\\\/#primaryimage\"},\"image\":{\"@id\":\"https:\\\/\\\/bestmeatexpress.com\\\/fi\\\/yrityksesta\\\/#primaryimage\"},\"thumbnailUrl\":\"https:\\\/\\\/bestmeatexpress.com\\\/wp-content\\\/uploads\\\/2023\\\/08\\\/auto.jpg\",\"datePublished\":\"2023-08-01T19:52:49+00:00\",\"dateModified\":\"2023-10-09T08:51:27+00:00\",\"breadcrumb\":{\"@id\":\"https:\\\/\\\/bestmeatexpress.com\\\/fi\\\/yrityksesta\\\/#breadcrumb\"},\"inLanguage\":\"fi-FI\",\"potentialAction\":[{\"@type\":\"ReadAction\",\"target\":[\"https:\\\/\\\/bestmeatexpress.com\\\/fi\\\/yrityksesta\\\/\"]}]},{\"@type\":\"ImageObject\",\"inLanguage\":\"fi-FI\",\"@id\":\"https:\\\/\\\/bestmeatexpress.com\\\/fi\\\/yrityksesta\\\/#primaryimage\",\"url\":\"https:\\\/\\\/bestmeatexpress.com\\\/wp-content\\\/uploads\\\/2023\\\/08\\\/auto.jpg\",\"contentUrl\":\"https:\\\/\\\/bestmeatexpress.com\\\/wp-content\\\/uploads\\\/2023\\\/08\\\/auto.jpg\"},{\"@type\":\"BreadcrumbList\",\"@id\":\"https:\\\/\\\/bestmeatexpress.com\\\/fi\\\/yrityksesta\\\/#breadcrumb\",\"itemListElement\":[{\"@type\":\"ListItem\",\"position\":1,\"name\":\"Home\",\"item\":\"https:\\\/\\\/bestmeatexpress.com\\\/\"},{\"@type\":\"ListItem\",\"position\":2,\"name\":\"YRITYKSEST\u00c4\"}]},{\"@type\":\"WebSite\",\"@id\":\"https:\\\/\\\/bestmeatexpress.com\\\/#website\",\"url\":\"https:\\\/\\\/bestmeatexpress.com\\\/\",\"name\":\"Franklin\",\"description\":\"\",\"potentialAction\":[{\"@type\":\"SearchAction\",\"target\":{\"@type\":\"EntryPoint\",\"urlTemplate\":\"https:\\\/\\\/bestmeatexpress.com\\\/?s={search_term_string}\"},\"query-input\":{\"@type\":\"PropertyValueSpecification\",\"valueRequired\":true,\"valueName\":\"search_term_string\"}}],\"inLanguage\":\"fi-FI\"}]}<\/script>\n<!-- \/ Yoast SEO plugin. -->","yoast_head_json":{"title":"YRITYKSEST\u00c4 - Franklin","robots":{"index":"index","follow":"follow","max-snippet":"max-snippet:-1","max-image-preview":"max-image-preview:large","max-video-preview":"max-video-preview:-1"},"canonical":"https:\/\/bestmeatexpress.com\/fi\/yrityksesta\/","og_locale":"fi_FI","og_type":"article","og_title":"YRITYKSEST\u00c4 - Franklin","og_description":"Tavoitteenamme on tarjota asiakkaille maukasta ja laadukasta lihaa ja lihatuotteita, ennen kaikkea keskitymme pakastettuihin tuotteisiin. Tuotteemme vastaavat t\u00e4ydellisesti kaikkia kansainv\u00e4lisi\u00e4 standardeja ja meill\u00e4 on pitk\u00e4 kokemus ruoan k\u00e4sittelyn ja kuljetuksen alalla. Ty\u00f6ntekij\u00f6ill\u00e4mme on perusteelliset tiedot teknologiasta, jota k\u00e4yt\u00e4mme lihan tuoreena s\u00e4ilymiseen. Sen ansiosta olemme kaikille asiakkaille luotettava kumppani. Yrit\u00e4mme t\u00e4ytt\u00e4\u00e4 asiakkaidemme tarpeet ja edist\u00e4\u00e4 yhdess\u00e4 [&hellip;]","og_url":"https:\/\/bestmeatexpress.com\/fi\/yrityksesta\/","og_site_name":"Franklin","article_modified_time":"2023-10-09T08:51:27+00:00","og_image":[{"url":"https:\/\/bestmeatexpress.com\/wp-content\/uploads\/2023\/08\/auto.jpg","type":"","width":"","height":""}],"twitter_card":"summary_large_image","schema":{"@context":"https:\/\/schema.org","@graph":[{"@type":"WebPage","@id":"https:\/\/bestmeatexpress.com\/fi\/yrityksesta\/","url":"https:\/\/bestmeatexpress.com\/fi\/yrityksesta\/","name":"YRITYKSEST\u00c4 - Franklin","isPartOf":{"@id":"https:\/\/bestmeatexpress.com\/#website"},"primaryImageOfPage":{"@id":"https:\/\/bestmeatexpress.com\/fi\/yrityksesta\/#primaryimage"},"image":{"@id":"https:\/\/bestmeatexpress.com\/fi\/yrityksesta\/#primaryimage"},"thumbnailUrl":"https:\/\/bestmeatexpress.com\/wp-content\/uploads\/2023\/08\/auto.jpg","datePublished":"2023-08-01T19:52:49+00:00","dateModified":"2023-10-09T08:51:27+00:00","breadcrumb":{"@id":"https:\/\/bestmeatexpress.com\/fi\/yrityksesta\/#breadcrumb"},"inLanguage":"fi-FI","potentialAction":[{"@type":"ReadAction","target":["https:\/\/bestmeatexpress.com\/fi\/yrityksesta\/"]}]},{"@type":"ImageObject","inLanguage":"fi-FI","@id":"https:\/\/bestmeatexpress.com\/fi\/yrityksesta\/#primaryimage","url":"https:\/\/bestmeatexpress.com\/wp-content\/uploads\/2023\/08\/auto.jpg","contentUrl":"https:\/\/bestmeatexpress.com\/wp-content\/uploads\/2023\/08\/auto.jpg"},{"@type":"BreadcrumbList","@id":"https:\/\/bestmeatexpress.com\/fi\/yrityksesta\/#breadcrumb","itemListElement":[{"@type":"ListItem","position":1,"name":"Home","item":"https:\/\/bestmeatexpress.com\/"},{"@type":"ListItem","position":2,"name":"YRITYKSEST\u00c4"}]},{"@type":"WebSite","@id":"https:\/\/bestmeatexpress.com\/#website","url":"https:\/\/bestmeatexpress.com\/","name":"Franklin","description":"","potentialAction":[{"@type":"SearchAction","target":{"@type":"EntryPoint","urlTemplate":"https:\/\/bestmeatexpress.com\/?s={search_term_string}"},"query-input":{"@type":"PropertyValueSpecification","valueRequired":true,"valueName":"search_term_string"}}],"inLanguage":"fi-FI"}]}},"_links":{"self":[{"href":"https:\/\/bestmeatexpress.com\/fi\/wp-json\/wp\/v2\/pages\/873","targetHints":{"allow":["GET"]}}],"collection":[{"href":"https:\/\/bestmeatexpress.com\/fi\/wp-json\/wp\/v2\/pages"}],"about":[{"href":"https:\/\/bestmeatexpress.com\/fi\/wp-json\/wp\/v2\/types\/page"}],"author":[{"embeddable":true,"href":"https:\/\/bestmeatexpress.com\/fi\/wp-json\/wp\/v2\/users\/1"}],"replies":[{"embeddable":true,"href":"https:\/\/bestmeatexpress.com\/fi\/wp-json\/wp\/v2\/comments?post=873"}],"version-history":[{"count":1,"href":"https:\/\/bestmeatexpress.com\/fi\/wp-json\/wp\/v2\/pages\/873\/revisions"}],"predecessor-version":[{"id":874,"href":"https:\/\/bestmeatexpress.com\/fi\/wp-json\/wp\/v2\/pages\/873\/revisions\/874"}],"wp:attachment":[{"href":"https:\/\/bestmeatexpress.com\/fi\/wp-json\/wp\/v2\/media?parent=873"}],"curies":[{"name":"wp","href":"https:\/\/api.w.org\/{rel}","templated":true}]}}