{"id":298,"date":"2023-08-01T19:52:43","date_gmt":"2023-08-01T19:52:43","guid":{"rendered":"https:\/\/bestmeatexpress.com\/service\/"},"modified":"2023-08-02T18:08:32","modified_gmt":"2023-08-02T18:08:32","slug":"service","status":"publish","type":"page","link":"https:\/\/bestmeatexpress.com\/de\/service\/","title":{"rendered":"Service"},"content":{"rendered":"\t\t<div data-elementor-type=\"wp-page\" data-elementor-id=\"298\" class=\"elementor elementor-298 elementor-27\">\n\t\t\t\t\t\t<section class=\"elementor-section elementor-top-section elementor-element elementor-element-9541f2c elementor-section-boxed elementor-section-height-default elementor-section-height-default\" data-id=\"9541f2c\" data-element_type=\"section\" data-e-type=\"section\">\n\t\t\t\t\t\t<div class=\"elementor-container elementor-column-gap-default\">\n\t\t\t\t\t<div class=\"elementor-column elementor-col-100 elementor-top-column elementor-element elementor-element-b18b3f1\" data-id=\"b18b3f1\" data-element_type=\"column\" data-e-type=\"column\">\n\t\t\t<div class=\"elementor-widget-wrap elementor-element-populated\">\n\t\t\t\t\t\t<div class=\"elementor-element elementor-element-e657522 elementor-widget elementor-widget-text-editor\" data-id=\"e657522\" data-element_type=\"widget\" data-e-type=\"widget\" data-widget_type=\"text-editor.default\">\n\t\t\t\t<div class=\"elementor-widget-container\">\n\t\t\t\t\t\t\t\t\t<p><strong>Lieferungsbedingungen<\/strong><\/p><p>Franklin O\u00dc versendet Ihre bestellte Ware im Laufe von 1\u20135 Arbeitstagen nachdem die Summe auf unserem Bankkonto eingegangen ist.<br \/>Wenn die Summe der Bestellung 50 \u20ac \u00fcberschreitet, ist der Versand innerhalb Estlands kostenlos.<br \/>Wenn die Summe der Bestellung unter 50 \u20ac bleibt, wird der Ware automatisch eine Transportgeb\u00fchr hinzugerechnet ausgehend von dem Gewicht, der Menge und der ausgew\u00e4hlten Lieferungsart.<br \/>Bei der Bestellung durch das Onlinegesch\u00e4ft von Franklin O\u00dc stehen Ihnen unterschiedliche Lieferungsarten zur Verf\u00fcgung.<br \/>Die Transportkosten werden anhand des Warenkorbes berechnet (d. h. eine einmalige Geb\u00fchr f\u00fcr die an eine Adresse bestellte Ware).<br \/>F\u00fcr den Transport der Ware ist Franklin O\u00dc oder der Transportdienstleister verantwortlich.<br \/>Der Transport der Ware ist \u00fcberall innerhalb Estlands m\u00f6glich. Der Warentransport au\u00dferhalb Estlands muss mit Franklin O\u00dc individuell vereinbart werden.<\/p><p>\u00a0<\/p><p><strong>Lieferungsm\u00f6glichkeiten<\/strong><\/p><ul><li>Omniva Paketautomat<\/li><li>Omniva Postamt bei Vereinbarung mit Franklin O\u00dc<\/li><li>Kurier<\/li><\/ul><p><br \/>Paketautomaten \u2013 Paketautomaten sind Paketempfangsorte mit Selbstbedienung, die sich haupts\u00e4chlich in gro\u00dfen Einkaufszentren oder in ihrer N\u00e4he befinden. Paketautomaten k\u00f6nnen Lieferungen empfangen, dessen Volumen mitsamt der Verpackung 39\u00d738\u00d764 cm nicht \u00fcberschreitet. Wenn das Paket angekommen ist, erhalten Sie eine SMS-Nachricht und einen individuellen Code. Der Code muss auf dem Bildschirm des Paketautomaten eingegeben werden, daraufhin \u00f6ffnet sich die T\u00fcr des Paketautomaten und Sie bekommen Ihre Ware. Die Lage der Paketautomaten k\u00f6nnen Sie bei der Auswahl des Paketautomaten finden.<br \/>Omniva \u2013 die bestellte Ware wird in das n\u00e4chstgelegene Postamt geliefert. Wenn das Paket am Postamt ankommt, schickt Omniva Ihnen eine Meldung, mit Hilfe der Sie das Paket bei dem Postamt abholen k\u00f6nnen.<br \/>Kurier \u2013 Wenn Sie bei der Lieferungsauswahl \u201eKurier\u201c ausw\u00e4hlen, wird die bestellte Ware direkt an Ihre Haust\u00fcr geliefert. Unsere Kuriere sind Omniva und DPD. Nachdem Ihre Ware bei dem Kurier ankommt, kontaktiert er Sie und vereinbart mit Ihnen einen genaueren Lieferungstermin.<br \/>Als Zusatzdienst kann die Ware in den Raum geliefert werden.<\/p>\t\t\t\t\t\t\t\t<\/div>\n\t\t\t\t<\/div>\n\t\t\t\t\t<\/div>\n\t\t<\/div>\n\t\t\t\t\t<\/div>\n\t\t<\/section>\n\t\t\t\t<\/div>\n\t\t","protected":false},"excerpt":{"rendered":"<p>Lieferungsbedingungen Franklin O\u00dc versendet Ihre bestellte Ware im Laufe von 1\u20135 Arbeitstagen nachdem die Summe auf unserem Bankkonto eingegangen ist.Wenn die Summe der Bestellung 50 \u20ac \u00fcberschreitet, ist der Versand innerhalb Estlands kostenlos.Wenn die Summe der Bestellung unter 50 \u20ac bleibt, wird der Ware automatisch eine Transportgeb\u00fchr hinzugerechnet ausgehend von dem Gewicht, der Menge und [&hellip;]<\/p>\n","protected":false},"author":1,"featured_media":0,"parent":0,"menu_order":0,"comment_status":"closed","ping_status":"closed","template":"","meta":{"footnotes":""},"class_list":["post-298","page","type-page","status-publish","hentry"],"yoast_head":"<!-- This site is optimized with the Yoast SEO plugin v27.4 - https:\/\/yoast.com\/product\/yoast-seo-wordpress\/ -->\n<title>Service - Franklin<\/title>\n<meta name=\"robots\" content=\"index, follow, max-snippet:-1, max-image-preview:large, max-video-preview:-1\" \/>\n<link rel=\"canonical\" href=\"https:\/\/bestmeatexpress.com\/de\/service\/\" \/>\n<meta property=\"og:locale\" content=\"de_DE\" \/>\n<meta property=\"og:type\" content=\"article\" \/>\n<meta property=\"og:title\" content=\"Service - Franklin\" \/>\n<meta property=\"og:description\" content=\"Lieferungsbedingungen Franklin O\u00dc versendet Ihre bestellte Ware im Laufe von 1\u20135 Arbeitstagen nachdem die Summe auf unserem Bankkonto eingegangen ist.Wenn die Summe der Bestellung 50 \u20ac \u00fcberschreitet, ist der Versand innerhalb Estlands kostenlos.Wenn die Summe der Bestellung unter 50 \u20ac bleibt, wird der Ware automatisch eine Transportgeb\u00fchr hinzugerechnet ausgehend von dem Gewicht, der Menge und [&hellip;]\" \/>\n<meta property=\"og:url\" content=\"https:\/\/bestmeatexpress.com\/de\/service\/\" \/>\n<meta property=\"og:site_name\" content=\"Franklin\" \/>\n<meta property=\"article:modified_time\" content=\"2023-08-02T18:08:32+00:00\" \/>\n<meta name=\"twitter:card\" content=\"summary_large_image\" \/>\n<meta name=\"twitter:label1\" content=\"Gesch\u00e4tzte Lesezeit\" \/>\n\t<meta name=\"twitter:data1\" content=\"2 Minuten\" \/>\n<script type=\"application\/ld+json\" class=\"yoast-schema-graph\">{\"@context\":\"https:\\\/\\\/schema.org\",\"@graph\":[{\"@type\":\"WebPage\",\"@id\":\"https:\\\/\\\/bestmeatexpress.com\\\/de\\\/service\\\/\",\"url\":\"https:\\\/\\\/bestmeatexpress.com\\\/de\\\/service\\\/\",\"name\":\"Service - Franklin\",\"isPartOf\":{\"@id\":\"https:\\\/\\\/bestmeatexpress.com\\\/#website\"},\"datePublished\":\"2023-08-01T19:52:43+00:00\",\"dateModified\":\"2023-08-02T18:08:32+00:00\",\"breadcrumb\":{\"@id\":\"https:\\\/\\\/bestmeatexpress.com\\\/de\\\/service\\\/#breadcrumb\"},\"inLanguage\":\"de-DE\",\"potentialAction\":[{\"@type\":\"ReadAction\",\"target\":[\"https:\\\/\\\/bestmeatexpress.com\\\/de\\\/service\\\/\"]}]},{\"@type\":\"BreadcrumbList\",\"@id\":\"https:\\\/\\\/bestmeatexpress.com\\\/de\\\/service\\\/#breadcrumb\",\"itemListElement\":[{\"@type\":\"ListItem\",\"position\":1,\"name\":\"Home\",\"item\":\"https:\\\/\\\/bestmeatexpress.com\\\/\"},{\"@type\":\"ListItem\",\"position\":2,\"name\":\"Service\"}]},{\"@type\":\"WebSite\",\"@id\":\"https:\\\/\\\/bestmeatexpress.com\\\/#website\",\"url\":\"https:\\\/\\\/bestmeatexpress.com\\\/\",\"name\":\"Franklin\",\"description\":\"\",\"potentialAction\":[{\"@type\":\"SearchAction\",\"target\":{\"@type\":\"EntryPoint\",\"urlTemplate\":\"https:\\\/\\\/bestmeatexpress.com\\\/?s={search_term_string}\"},\"query-input\":{\"@type\":\"PropertyValueSpecification\",\"valueRequired\":true,\"valueName\":\"search_term_string\"}}],\"inLanguage\":\"de-DE\"}]}<\/script>\n<!-- \/ Yoast SEO plugin. -->","yoast_head_json":{"title":"Service - Franklin","robots":{"index":"index","follow":"follow","max-snippet":"max-snippet:-1","max-image-preview":"max-image-preview:large","max-video-preview":"max-video-preview:-1"},"canonical":"https:\/\/bestmeatexpress.com\/de\/service\/","og_locale":"de_DE","og_type":"article","og_title":"Service - Franklin","og_description":"Lieferungsbedingungen Franklin O\u00dc versendet Ihre bestellte Ware im Laufe von 1\u20135 Arbeitstagen nachdem die Summe auf unserem Bankkonto eingegangen ist.Wenn die Summe der Bestellung 50 \u20ac \u00fcberschreitet, ist der Versand innerhalb Estlands kostenlos.Wenn die Summe der Bestellung unter 50 \u20ac bleibt, wird der Ware automatisch eine Transportgeb\u00fchr hinzugerechnet ausgehend von dem Gewicht, der Menge und [&hellip;]","og_url":"https:\/\/bestmeatexpress.com\/de\/service\/","og_site_name":"Franklin","article_modified_time":"2023-08-02T18:08:32+00:00","twitter_card":"summary_large_image","twitter_misc":{"Gesch\u00e4tzte Lesezeit":"2 Minuten"},"schema":{"@context":"https:\/\/schema.org","@graph":[{"@type":"WebPage","@id":"https:\/\/bestmeatexpress.com\/de\/service\/","url":"https:\/\/bestmeatexpress.com\/de\/service\/","name":"Service - Franklin","isPartOf":{"@id":"https:\/\/bestmeatexpress.com\/#website"},"datePublished":"2023-08-01T19:52:43+00:00","dateModified":"2023-08-02T18:08:32+00:00","breadcrumb":{"@id":"https:\/\/bestmeatexpress.com\/de\/service\/#breadcrumb"},"inLanguage":"de-DE","potentialAction":[{"@type":"ReadAction","target":["https:\/\/bestmeatexpress.com\/de\/service\/"]}]},{"@type":"BreadcrumbList","@id":"https:\/\/bestmeatexpress.com\/de\/service\/#breadcrumb","itemListElement":[{"@type":"ListItem","position":1,"name":"Home","item":"https:\/\/bestmeatexpress.com\/"},{"@type":"ListItem","position":2,"name":"Service"}]},{"@type":"WebSite","@id":"https:\/\/bestmeatexpress.com\/#website","url":"https:\/\/bestmeatexpress.com\/","name":"Franklin","description":"","potentialAction":[{"@type":"SearchAction","target":{"@type":"EntryPoint","urlTemplate":"https:\/\/bestmeatexpress.com\/?s={search_term_string}"},"query-input":{"@type":"PropertyValueSpecification","valueRequired":true,"valueName":"search_term_string"}}],"inLanguage":"de-DE"}]}},"_links":{"self":[{"href":"https:\/\/bestmeatexpress.com\/de\/wp-json\/wp\/v2\/pages\/298","targetHints":{"allow":["GET"]}}],"collection":[{"href":"https:\/\/bestmeatexpress.com\/de\/wp-json\/wp\/v2\/pages"}],"about":[{"href":"https:\/\/bestmeatexpress.com\/de\/wp-json\/wp\/v2\/types\/page"}],"author":[{"embeddable":true,"href":"https:\/\/bestmeatexpress.com\/de\/wp-json\/wp\/v2\/users\/1"}],"replies":[{"embeddable":true,"href":"https:\/\/bestmeatexpress.com\/de\/wp-json\/wp\/v2\/comments?post=298"}],"version-history":[{"count":4,"href":"https:\/\/bestmeatexpress.com\/de\/wp-json\/wp\/v2\/pages\/298\/revisions"}],"predecessor-version":[{"id":302,"href":"https:\/\/bestmeatexpress.com\/de\/wp-json\/wp\/v2\/pages\/298\/revisions\/302"}],"wp:attachment":[{"href":"https:\/\/bestmeatexpress.com\/de\/wp-json\/wp\/v2\/media?parent=298"}],"curies":[{"name":"wp","href":"https:\/\/api.w.org\/{rel}","templated":true}]}}