{"id":280,"date":"2023-08-01T19:52:33","date_gmt":"2023-08-01T19:52:33","guid":{"rendered":"https:\/\/bestmeatexpress.com\/produkte\/"},"modified":"2023-08-02T18:00:37","modified_gmt":"2023-08-02T18:00:37","slug":"produkte","status":"publish","type":"page","link":"https:\/\/bestmeatexpress.com\/de\/produkte\/","title":{"rendered":"Produkte"},"content":{"rendered":"\t\t<div data-elementor-type=\"wp-page\" data-elementor-id=\"280\" class=\"elementor elementor-280 elementor-24\">\n\t\t\t\t\t\t<section class=\"elementor-section elementor-top-section elementor-element elementor-element-ecaa54a elementor-section-boxed elementor-section-height-default elementor-section-height-default\" data-id=\"ecaa54a\" data-element_type=\"section\" data-e-type=\"section\">\n\t\t\t\t\t\t<div class=\"elementor-container elementor-column-gap-default\">\n\t\t\t\t\t<div class=\"elementor-column elementor-col-50 elementor-top-column elementor-element elementor-element-9c20d9b elementor-hidden-tablet elementor-hidden-mobile\" data-id=\"9c20d9b\" data-element_type=\"column\" data-e-type=\"column\">\n\t\t\t<div class=\"elementor-widget-wrap elementor-element-populated\">\n\t\t\t\t\t\t<div class=\"elementor-element elementor-element-30e8ec5 elementor-widget elementor-widget-shortcode\" data-id=\"30e8ec5\" data-element_type=\"widget\" data-e-type=\"widget\" data-widget_type=\"shortcode.default\">\n\t\t\t\t<div class=\"elementor-widget-container\">\n\t\t\t\t\t\t\t<div class=\"elementor-shortcode\">\r\n<div class=\"shortcode-child-pages\">\r\n    <ul>\r\n    <br \/>\n<b>Warning<\/b>:  Attempt to read property \"post_parent\" on null in <b>\/data01\/virt66596\/domeenid\/www.bestmeatexpress.com\/htdocs\/wp-content\/themes\/bestmeatexpress\/inc\/templates\/shortcode\/child-pages.php<\/b> on line <b>7<\/b><br \/>\n<br \/>\n<b>Warning<\/b>:  Attempt to read property \"ID\" on null in <b>\/data01\/virt66596\/domeenid\/www.bestmeatexpress.com\/htdocs\/wp-content\/themes\/bestmeatexpress\/inc\/templates\/shortcode\/child-pages.php<\/b> on line <b>7<\/b><br \/>\n<li class=\"page_item page-item-274\"><a href=\"https:\/\/bestmeatexpress.com\/de\/\">Anfang<\/a><\/li>\n<li class=\"page_item page-item-1164\"><a href=\"https:\/\/bestmeatexpress.com\/de\/blog\/\">Blog<\/a><\/li>\n<li class=\"page_item page-item-309\"><a href=\"https:\/\/bestmeatexpress.com\/de\/kontakt\/\">Kontakt<\/a><\/li>\n<li class=\"page_item page-item-280 page_item_has_children\"><a href=\"https:\/\/bestmeatexpress.com\/de\/produkte\/\">Produkte<\/a>\n<ul class='children'>\n\t<li class=\"page_item page-item-293\"><a href=\"https:\/\/bestmeatexpress.com\/de\/produkte\/geraete\/\">GER\u00c4TE<\/a><\/li>\n\t<li class=\"page_item page-item-288\"><a href=\"https:\/\/bestmeatexpress.com\/de\/produkte\/huhn\/\">Huhn<\/a><\/li>\n\t<li class=\"page_item page-item-285\"><a href=\"https:\/\/bestmeatexpress.com\/de\/produkte\/rind\/\">Rind<\/a><\/li>\n<\/ul>\n<\/li>\n<li class=\"page_item page-item-298\"><a href=\"https:\/\/bestmeatexpress.com\/de\/service\/\">Service<\/a><\/li>\n<li class=\"page_item page-item-303\"><a href=\"https:\/\/bestmeatexpress.com\/de\/ueber-uns\/\">\u00dcber uns<\/a><\/li>\n    <\/ul>\r\n<\/div>\r\n<\/div>\n\t\t\t\t\t\t<\/div>\n\t\t\t\t<\/div>\n\t\t\t\t\t<\/div>\n\t\t<\/div>\n\t\t\t\t<div class=\"elementor-column elementor-col-50 elementor-top-column elementor-element elementor-element-13beb2f\" data-id=\"13beb2f\" data-element_type=\"column\" data-e-type=\"column\">\n\t\t\t<div class=\"elementor-widget-wrap elementor-element-populated\">\n\t\t\t\t\t\t<div class=\"elementor-element elementor-element-47dccac elementor-widget__width-initial elementor-widget elementor-widget-text-editor\" data-id=\"47dccac\" data-element_type=\"widget\" data-e-type=\"widget\" data-widget_type=\"text-editor.default\">\n\t\t\t\t<div class=\"elementor-widget-container\">\n\t\t\t\t\t\t\t\t\t<div class=\"wrap\"><div class=\"page-content\"><p>Unser Assortiment besteht zum gr\u00f6\u00dften Teil aus verschiedenen Sorten von tiefgefrorenem Fleisch.<\/p><p>Zus\u00e4tzlich zum Gro\u00dfhandel <strong>erm\u00f6glichen wir den Transport und die Logistik f\u00fcr Ware, die spezielle Temperaturbedingungen ben\u00f6tigt (-18 \u00b0C.\u2026-20 \u00b0C).<\/strong><\/p><p>F\u00fcr mehr Informationen oder f\u00fcr ein Preisangebot nehmen Sie bitte Kontakt auf (siehe Kontakt).<\/p><\/div><\/div>\t\t\t\t\t\t\t\t<\/div>\n\t\t\t\t<\/div>\n\t\t\t\t\t<\/div>\n\t\t<\/div>\n\t\t\t\t\t<\/div>\n\t\t<\/section>\n\t\t\t\t<\/div>\n\t\t","protected":false},"excerpt":{"rendered":"<p>Unser Assortiment besteht zum gr\u00f6\u00dften Teil aus verschiedenen Sorten von tiefgefrorenem Fleisch. Zus\u00e4tzlich zum Gro\u00dfhandel erm\u00f6glichen wir den Transport und die Logistik f\u00fcr Ware, die spezielle Temperaturbedingungen ben\u00f6tigt (-18 \u00b0C.\u2026-20 \u00b0C). F\u00fcr mehr Informationen oder f\u00fcr ein Preisangebot nehmen Sie bitte Kontakt auf (siehe Kontakt).<\/p>\n","protected":false},"author":1,"featured_media":0,"parent":0,"menu_order":0,"comment_status":"closed","ping_status":"closed","template":"","meta":{"footnotes":""},"class_list":["post-280","page","type-page","status-publish","hentry"],"yoast_head":"<!-- This site is optimized with the Yoast SEO plugin v27.4 - https:\/\/yoast.com\/product\/yoast-seo-wordpress\/ -->\n<title>Produkte - Franklin<\/title>\n<meta name=\"robots\" content=\"index, follow, max-snippet:-1, max-image-preview:large, max-video-preview:-1\" \/>\n<link rel=\"canonical\" href=\"https:\/\/bestmeatexpress.com\/de\/produkte\/\" \/>\n<meta property=\"og:locale\" content=\"de_DE\" \/>\n<meta property=\"og:type\" content=\"article\" \/>\n<meta property=\"og:title\" content=\"Produkte - Franklin\" \/>\n<meta property=\"og:description\" content=\"Unser Assortiment besteht zum gr\u00f6\u00dften Teil aus verschiedenen Sorten von tiefgefrorenem Fleisch. Zus\u00e4tzlich zum Gro\u00dfhandel erm\u00f6glichen wir den Transport und die Logistik f\u00fcr Ware, die spezielle Temperaturbedingungen ben\u00f6tigt (-18 \u00b0C.\u2026-20 \u00b0C). F\u00fcr mehr Informationen oder f\u00fcr ein Preisangebot nehmen Sie bitte Kontakt auf (siehe Kontakt).\" \/>\n<meta property=\"og:url\" content=\"https:\/\/bestmeatexpress.com\/de\/produkte\/\" \/>\n<meta property=\"og:site_name\" content=\"Franklin\" \/>\n<meta property=\"article:modified_time\" content=\"2023-08-02T18:00:37+00:00\" \/>\n<meta name=\"twitter:card\" content=\"summary_large_image\" \/>\n<script type=\"application\/ld+json\" class=\"yoast-schema-graph\">{\"@context\":\"https:\\\/\\\/schema.org\",\"@graph\":[{\"@type\":\"WebPage\",\"@id\":\"https:\\\/\\\/bestmeatexpress.com\\\/de\\\/produkte\\\/\",\"url\":\"https:\\\/\\\/bestmeatexpress.com\\\/de\\\/produkte\\\/\",\"name\":\"Produkte - Franklin\",\"isPartOf\":{\"@id\":\"https:\\\/\\\/bestmeatexpress.com\\\/#website\"},\"datePublished\":\"2023-08-01T19:52:33+00:00\",\"dateModified\":\"2023-08-02T18:00:37+00:00\",\"breadcrumb\":{\"@id\":\"https:\\\/\\\/bestmeatexpress.com\\\/de\\\/produkte\\\/#breadcrumb\"},\"inLanguage\":\"de-DE\",\"potentialAction\":[{\"@type\":\"ReadAction\",\"target\":[\"https:\\\/\\\/bestmeatexpress.com\\\/de\\\/produkte\\\/\"]}]},{\"@type\":\"BreadcrumbList\",\"@id\":\"https:\\\/\\\/bestmeatexpress.com\\\/de\\\/produkte\\\/#breadcrumb\",\"itemListElement\":[{\"@type\":\"ListItem\",\"position\":1,\"name\":\"Home\",\"item\":\"https:\\\/\\\/bestmeatexpress.com\\\/\"},{\"@type\":\"ListItem\",\"position\":2,\"name\":\"Produkte\"}]},{\"@type\":\"WebSite\",\"@id\":\"https:\\\/\\\/bestmeatexpress.com\\\/#website\",\"url\":\"https:\\\/\\\/bestmeatexpress.com\\\/\",\"name\":\"Franklin\",\"description\":\"\",\"potentialAction\":[{\"@type\":\"SearchAction\",\"target\":{\"@type\":\"EntryPoint\",\"urlTemplate\":\"https:\\\/\\\/bestmeatexpress.com\\\/?s={search_term_string}\"},\"query-input\":{\"@type\":\"PropertyValueSpecification\",\"valueRequired\":true,\"valueName\":\"search_term_string\"}}],\"inLanguage\":\"de-DE\"}]}<\/script>\n<!-- \/ Yoast SEO plugin. -->","yoast_head_json":{"title":"Produkte - Franklin","robots":{"index":"index","follow":"follow","max-snippet":"max-snippet:-1","max-image-preview":"max-image-preview:large","max-video-preview":"max-video-preview:-1"},"canonical":"https:\/\/bestmeatexpress.com\/de\/produkte\/","og_locale":"de_DE","og_type":"article","og_title":"Produkte - Franklin","og_description":"Unser Assortiment besteht zum gr\u00f6\u00dften Teil aus verschiedenen Sorten von tiefgefrorenem Fleisch. Zus\u00e4tzlich zum Gro\u00dfhandel erm\u00f6glichen wir den Transport und die Logistik f\u00fcr Ware, die spezielle Temperaturbedingungen ben\u00f6tigt (-18 \u00b0C.\u2026-20 \u00b0C). F\u00fcr mehr Informationen oder f\u00fcr ein Preisangebot nehmen Sie bitte Kontakt auf (siehe Kontakt).","og_url":"https:\/\/bestmeatexpress.com\/de\/produkte\/","og_site_name":"Franklin","article_modified_time":"2023-08-02T18:00:37+00:00","twitter_card":"summary_large_image","schema":{"@context":"https:\/\/schema.org","@graph":[{"@type":"WebPage","@id":"https:\/\/bestmeatexpress.com\/de\/produkte\/","url":"https:\/\/bestmeatexpress.com\/de\/produkte\/","name":"Produkte - Franklin","isPartOf":{"@id":"https:\/\/bestmeatexpress.com\/#website"},"datePublished":"2023-08-01T19:52:33+00:00","dateModified":"2023-08-02T18:00:37+00:00","breadcrumb":{"@id":"https:\/\/bestmeatexpress.com\/de\/produkte\/#breadcrumb"},"inLanguage":"de-DE","potentialAction":[{"@type":"ReadAction","target":["https:\/\/bestmeatexpress.com\/de\/produkte\/"]}]},{"@type":"BreadcrumbList","@id":"https:\/\/bestmeatexpress.com\/de\/produkte\/#breadcrumb","itemListElement":[{"@type":"ListItem","position":1,"name":"Home","item":"https:\/\/bestmeatexpress.com\/"},{"@type":"ListItem","position":2,"name":"Produkte"}]},{"@type":"WebSite","@id":"https:\/\/bestmeatexpress.com\/#website","url":"https:\/\/bestmeatexpress.com\/","name":"Franklin","description":"","potentialAction":[{"@type":"SearchAction","target":{"@type":"EntryPoint","urlTemplate":"https:\/\/bestmeatexpress.com\/?s={search_term_string}"},"query-input":{"@type":"PropertyValueSpecification","valueRequired":true,"valueName":"search_term_string"}}],"inLanguage":"de-DE"}]}},"_links":{"self":[{"href":"https:\/\/bestmeatexpress.com\/de\/wp-json\/wp\/v2\/pages\/280","targetHints":{"allow":["GET"]}}],"collection":[{"href":"https:\/\/bestmeatexpress.com\/de\/wp-json\/wp\/v2\/pages"}],"about":[{"href":"https:\/\/bestmeatexpress.com\/de\/wp-json\/wp\/v2\/types\/page"}],"author":[{"embeddable":true,"href":"https:\/\/bestmeatexpress.com\/de\/wp-json\/wp\/v2\/users\/1"}],"replies":[{"embeddable":true,"href":"https:\/\/bestmeatexpress.com\/de\/wp-json\/wp\/v2\/comments?post=280"}],"version-history":[{"count":4,"href":"https:\/\/bestmeatexpress.com\/de\/wp-json\/wp\/v2\/pages\/280\/revisions"}],"predecessor-version":[{"id":284,"href":"https:\/\/bestmeatexpress.com\/de\/wp-json\/wp\/v2\/pages\/280\/revisions\/284"}],"wp:attachment":[{"href":"https:\/\/bestmeatexpress.com\/de\/wp-json\/wp\/v2\/media?parent=280"}],"curies":[{"name":"wp","href":"https:\/\/api.w.org\/{rel}","templated":true}]}}